{"id":2280,"date":"2023-10-26T17:22:26","date_gmt":"2023-10-26T15:22:26","guid":{"rendered":"https:\/\/tep-it.de\/?page_id=2280"},"modified":"2023-10-27T11:27:42","modified_gmt":"2023-10-27T09:27:42","slug":"case-study-umzugsservice","status":"publish","type":"page","link":"https:\/\/tep-it.de\/index.php\/case-study-umzugsservice\/","title":{"rendered":"Case Study Umzugsservice"},"content":{"rendered":"\t\t<div data-elementor-type=\"wp-page\" data-elementor-id=\"2280\" class=\"elementor elementor-2280\">\n\t\t\t\t<div class=\"elementor-element elementor-element-06af093 thegem-e-con-layout-elementor e-flex e-con-boxed e-con e-parent\" data-id=\"06af093\" data-element_type=\"container\" data-e-type=\"container\" data-settings=\"{&quot;thegem_container_layout&quot;:&quot;elementor&quot;}\">\r\n\t\t\t\t\t<div class=\"e-con-inner\">\r\n\t\t\t\t<div class=\"elementor-element elementor-element-b4fe455 flex-horizontal-align-default flex-horizontal-align-tablet-default flex-horizontal-align-mobile-default flex-vertical-align-default flex-vertical-align-tablet-default flex-vertical-align-mobile-default elementor-widget elementor-widget-thegem-styled-textbox\" data-id=\"b4fe455\" data-element_type=\"widget\" data-e-type=\"widget\" data-settings=\"{&quot;thegem_elementor_preset&quot;:&quot;minimal&quot;}\" data-widget_type=\"thegem-styled-textbox.default\">\n\t\t\t\t<div class=\"elementor-widget-container\">\n\t\t\t\t\t\n<div class=\"gem-textbox styled-textbox-minimal\">\n\n\t\n\t\t<div class=\"gem-textbox-top gem-textbox-top-none default-fill\">\n\t\t\t\t\t<\/div>\n\t\n\t<div class=\"gem-textbox-inner\">\n\n\t\t<div class=\"gem-textbox-content bordered-box\">\n\n\t\t\t\n\t\t\t<div class=\"gem-texbox-text-wrapper\">\n\n\t\t\t\t\t\t\t\t\t\n\t\t\t\t\t\t<h4 class=\"gem-textbox-title title-h4 bold\">\n\t\t\t\t\t\t\tAusgangssituation\t\t\t\t\t\t<\/h4>\n\n\t\t\t\t\t\n\t\t\t\t\t\n\t\t\t\t\t\t<div class=\"gem-textbox-description gem-text-output\">\n\t\t\t\t\t\t\t<p>In der Umzugsabteilung des Partners arbeiteten nicht alle Standorte wirtschaftlich. Ein Netzwerk zwischen den Standorten war zwar in der Organisationsstruktur erkennbar, eine Kommunikation unter ihnen fand aber kaum statt. Um die Digitalisierung voranzutreiben, wollte der Partner vorher in eine L\u00f6sung investieren, die lediglich die Transporte anzeigt und auf einer Karte darstellt.<\/p><p>\u00a0<\/p><h5>Von Auftragnehmern mussten initial folgende Probleme gel\u00f6st werden:<\/h5><ul><li>Wirtschaftlichkeit mehrerer Standorte nicht gegeben<\/li><li>\u00dcbersicht \u00fcber Umzugsauftr\u00e4ge aller Standorte nicht zentral vorhanden<\/li><li>Digitalisierung im Unternehmen schwierig umzusetzen<\/li><\/ul>\t\t\t\t\t\t<\/div>\n\n\t\t\t\t\t\n\t\t\t\t\n\t\t\t\t\n\t\t\t<\/div>\n\n\t\t<\/div>\n\n\t<\/div>\n\n\t\n\t\t<div class=\"gem-textbox-bottom gem-textbox-bottom-none default-fill\">\n\t\t\t\t<\/div>\n\t\n\t\n<\/div>\n\t\t\t\t<\/div>\n\t\t\t\t<\/div>\n\t\t\t\t\t<\/div>\n\t\t\t\t<\/div>\n\t\t<div class=\"elementor-element elementor-element-1ad405f thegem-e-con-layout-elementor e-flex e-con-boxed e-con e-parent\" data-id=\"1ad405f\" data-element_type=\"container\" data-e-type=\"container\" data-settings=\"{&quot;thegem_container_layout&quot;:&quot;elementor&quot;}\">\r\n\t\t\t\t\t<div class=\"e-con-inner\">\r\n\t\t\t\t<div class=\"elementor-element elementor-element-5522778 flex-horizontal-align-default flex-horizontal-align-tablet-default flex-horizontal-align-mobile-default flex-vertical-align-default flex-vertical-align-tablet-default flex-vertical-align-mobile-default elementor-widget elementor-widget-thegem-styled-textbox\" data-id=\"5522778\" data-element_type=\"widget\" data-e-type=\"widget\" data-settings=\"{&quot;thegem_elementor_preset&quot;:&quot;minimal&quot;}\" data-widget_type=\"thegem-styled-textbox.default\">\n\t\t\t\t<div class=\"elementor-widget-container\">\n\t\t\t\t\t\n<div class=\"gem-textbox styled-textbox-minimal\">\n\n\t\n\t\t<div class=\"gem-textbox-top gem-textbox-top-none default-fill\">\n\t\t\t\t\t<\/div>\n\t\n\t<div class=\"gem-textbox-inner\">\n\n\t\t<div class=\"gem-textbox-content bordered-box\">\n\n\t\t\t\n\t\t\t<div class=\"gem-texbox-text-wrapper\">\n\n\t\t\t\t\t\t\t\t\t\n\t\t\t\t\t\t<h4 class=\"gem-textbox-title title-h4 bold\">\n\t\t\t\t\t\t\tDie L\u00f6sung\t\t\t\t\t\t<\/h4>\n\n\t\t\t\t\t\n\t\t\t\t\t\n\t\t\t\t\n\t\t\t\t\n\t\t\t<\/div>\n\n\t\t<\/div>\n\n\t<\/div>\n\n\t\n\t\t<div class=\"gem-textbox-bottom gem-textbox-bottom-none default-fill\">\n\t\t\t\t<\/div>\n\t\n\t\n<\/div>\n\t\t\t\t<\/div>\n\t\t\t\t<\/div>\n\t\t\t\t\t<\/div>\n\t\t\t\t<\/div>\n\t\t<div class=\"elementor-element elementor-element-f48a7ea thegem-e-con-layout-elementor e-flex e-con-boxed e-con e-parent\" data-id=\"f48a7ea\" data-element_type=\"container\" data-e-type=\"container\" data-settings=\"{&quot;thegem_container_layout&quot;:&quot;elementor&quot;}\">\r\n\t\t\t\t\t<div class=\"e-con-inner\">\r\n\t\t<div class=\"elementor-element elementor-element-27fac5e e-con-full thegem-e-con-layout-elementor e-flex e-con e-child\" data-id=\"27fac5e\" data-element_type=\"container\" data-e-type=\"container\" data-settings=\"{&quot;thegem_container_layout&quot;:&quot;elementor&quot;}\">\r\n\t\t\t\t<div class=\"elementor-element elementor-element-c1df9c8 flex-horizontal-align-default flex-horizontal-align-tablet-default flex-horizontal-align-mobile-default flex-vertical-align-default flex-vertical-align-tablet-default flex-vertical-align-mobile-default elementor-widget elementor-widget-thegem-styled-textbox\" data-id=\"c1df9c8\" data-element_type=\"widget\" data-e-type=\"widget\" data-settings=\"{&quot;thegem_elementor_preset&quot;:&quot;basic-left-aligned&quot;}\" data-widget_type=\"thegem-styled-textbox.default\">\n\t\t\t\t<div class=\"elementor-widget-container\">\n\t\t\t\t\t\n<div class=\"gem-textbox styled-textbox-basic-left-aligned\">\n\n\t\n\t\t<div class=\"gem-textbox-top gem-textbox-top-none default-fill\">\n\t\t\t\t\t<\/div>\n\t\n\t<div class=\"gem-textbox-inner\">\n\n\t\t<div class=\"gem-textbox-content default-background\">\n\n\t\t\t\n\t\t\t<div class=\"gem-texbox-text-wrapper\">\n\n\t\t\t\t\t\t\t\t\t\n\t\t\t\t\t\t<h4 class=\"gem-textbox-title title-h4 bold\">\n\t\t\t\t\t\t\ttep-IT\t\t\t\t\t\t<\/h4>\n\n\t\t\t\t\t\n\t\t\t\t\t\n\t\t\t\t\t\t<div class=\"gem-textbox-description gem-text-output\">\n\t\t\t\t\t\t\t<p>tep-IT wurde mit folgenden Punkten beauftragt:<\/p><ul><li>Das existierende Transport Execution System f\u00fcr Umz\u00fcge anpassen<\/li><li>Schaffen einer zentralen Plattform zur Vergabe von Umz\u00fcgen<\/li><li>Erleichterung der Nachverfolgung von einzelnen Auftr\u00e4gen und deren Vergabe<\/li><li>Wenig Workflow-Umstellungen auf Seiten des Partners<\/li><li>Darstellung der Transporte<\/li><li>Schaffen eines aktiven Netzwerkes zwischen den Standorten<\/li><li>Standorte anhalten, wirtschaftlicher zu arbeiten<\/li><li>Auftragsvergabe an Umzugsunternehmer aus dem System<\/li><li>Verzeichnis aller Umzugsunternehmer des Partners darstellen<\/li><\/ul>\t\t\t\t\t\t<\/div>\n\n\t\t\t\t\t\n\t\t\t\t\n\t\t\t\t\n\t\t\t<\/div>\n\n\t\t<\/div>\n\n\t<\/div>\n\n\t\n\t\t<div class=\"gem-textbox-bottom gem-textbox-bottom-none default-fill\">\n\t\t\t\t<\/div>\n\t\n\t\n<\/div>\n\t\t\t\t<\/div>\n\t\t\t\t<\/div>\n\t\t\t\t<\/div>\n\t\t<div class=\"elementor-element elementor-element-3dfd21d e-con-full thegem-e-con-layout-elementor e-flex e-con e-child\" data-id=\"3dfd21d\" data-element_type=\"container\" data-e-type=\"container\" data-settings=\"{&quot;thegem_container_layout&quot;:&quot;elementor&quot;}\">\r\n\t\t\t\t<div class=\"elementor-element elementor-element-b3f1297 flex-horizontal-align-default flex-horizontal-align-tablet-default flex-horizontal-align-mobile-default flex-vertical-align-default flex-vertical-align-tablet-default flex-vertical-align-mobile-default elementor-widget elementor-widget-thegem-styled-textbox\" data-id=\"b3f1297\" data-element_type=\"widget\" data-e-type=\"widget\" data-settings=\"{&quot;thegem_elementor_preset&quot;:&quot;basic-left-aligned&quot;}\" data-widget_type=\"thegem-styled-textbox.default\">\n\t\t\t\t<div class=\"elementor-widget-container\">\n\t\t\t\t\t\n<div class=\"gem-textbox styled-textbox-basic-left-aligned\">\n\n\t\n\t\t<div class=\"gem-textbox-top gem-textbox-top-none default-fill\">\n\t\t\t\t\t<\/div>\n\t\n\t<div class=\"gem-textbox-inner\">\n\n\t\t<div class=\"gem-textbox-content default-background\">\n\n\t\t\t\n\t\t\t<div class=\"gem-texbox-text-wrapper\">\n\n\t\t\t\t\t\t\t\t\t\n\t\t\t\t\t\t<h4 class=\"gem-textbox-title title-h4 bold\">\n\t\t\t\t\t\t\tKunde\t\t\t\t\t\t<\/h4>\n\n\t\t\t\t\t\n\t\t\t\t\t\n\t\t\t\t\t\t<div class=\"gem-textbox-description gem-text-output\">\n\t\t\t\t\t\t\t<p>Der Kunde war zeitgleich mit folgenden Aufgaben betraut:<\/p><ul><li>Schnittstelle zu eigenem Abrechnungssystem beauftragen<\/li><li>Abrechnungs-Software mit n\u00f6tigen Punkten erweitern<\/li><li>Beteiligte Standorte feststellen<\/li><li>Pr\u00e4ferierte Umzugsunternehmer feststellen und \u00fcber das System informieren<\/li><li>Dienstleister feststellen und informieren<\/li><li>Bereitstellen von Assets, damit diese in das System eingepflegt werden k\u00f6nnen<\/li><\/ul>\t\t\t\t\t\t<\/div>\n\n\t\t\t\t\t\n\t\t\t\t\n\t\t\t\t\n\t\t\t<\/div>\n\n\t\t<\/div>\n\n\t<\/div>\n\n\t\n\t\t<div class=\"gem-textbox-bottom gem-textbox-bottom-none default-fill\">\n\t\t\t\t<\/div>\n\t\n\t\n<\/div>\n\t\t\t\t<\/div>\n\t\t\t\t<\/div>\n\t\t\t\t<\/div>\n\t\t\t\t\t<\/div>\n\t\t\t\t<\/div>\n\t\t<div class=\"elementor-element elementor-element-19bc083 thegem-e-con-layout-elementor e-flex e-con-boxed e-con e-parent\" data-id=\"19bc083\" data-element_type=\"container\" data-e-type=\"container\" data-settings=\"{&quot;thegem_container_layout&quot;:&quot;elementor&quot;}\">\r\n\t\t\t\t\t<div class=\"e-con-inner\">\r\n\t\t\t\t<div class=\"elementor-element elementor-element-0135f34 flex-horizontal-align-default flex-horizontal-align-tablet-default flex-horizontal-align-mobile-default flex-vertical-align-default flex-vertical-align-tablet-default flex-vertical-align-mobile-default elementor-widget elementor-widget-thegem-styled-textbox\" data-id=\"0135f34\" data-element_type=\"widget\" data-e-type=\"widget\" data-settings=\"{&quot;thegem_elementor_preset&quot;:&quot;minimal&quot;}\" data-widget_type=\"thegem-styled-textbox.default\">\n\t\t\t\t<div class=\"elementor-widget-container\">\n\t\t\t\t\t\n<div class=\"gem-textbox styled-textbox-minimal\">\n\n\t\n\t\t<div class=\"gem-textbox-top gem-textbox-top-none default-fill\">\n\t\t\t\t\t<\/div>\n\t\n\t<div class=\"gem-textbox-inner\">\n\n\t\t<div class=\"gem-textbox-content bordered-box\">\n\n\t\t\t\n\t\t\t<div class=\"gem-texbox-text-wrapper\">\n\n\t\t\t\t\t\t\t\t\t\n\t\t\t\t\t\t<h4 class=\"gem-textbox-title title-h4 bold\">\n\t\t\t\t\t\t\tDas Ergebnis\t\t\t\t\t\t<\/h4>\n\n\t\t\t\t\t\n\t\t\t\t\t\n\t\t\t\t\t\t<div class=\"gem-textbox-description gem-text-output\">\n\t\t\t\t\t\t\t<p>F\u00fcr die Anpassung der Software wurde die bestehende Transport Execution Platform zur Grundlage genommen und mit Mitarbeitern des Partners auf deren Bed\u00fcrfnisse abgestimmt.<\/p><p>Ziel in der Planung war es, ohne markante Umstellung der Mitarbeiter daf\u00fcr zu sorgen, dass das Partner-Netzwerk genutzt wird. Daf\u00fcr wurde eine Schnittstelle zum bestehenden, nun vorgeschalteten System beauftragt. Damit \u00e4ndert sich der Workflow f\u00fcr die Mitarbeiter in der gewohnten Software nur geringf\u00fcgig. Die Daten gelangen automatisch auf die von tep-IT geschaffene Plattform und m\u00fcssen anschlie\u00dfend nur vervollst\u00e4ndigt werden. Zudem findet eine Auftragsvergabe innerhalb der Plattform statt und Entscheidungen k\u00f6nnen nachvollzogen werden.<\/p><p>\u00a0<\/p><h5>Workflow<\/h5><p>Die gr\u00f6\u00dfte \u00c4nderung zu anderen Plattformen betrifft den Vergabeprozess.<\/p><p>Auftr\u00e4ge werden nun nach Vervollst\u00e4ndigung erst allen anderen Standorten f\u00fcr eine festgelegte Zeit angeboten. Die Standorte k\u00f6nnen nun eruieren, ob sie bei einer Annahme einen geringeren Preis bei einem ihrer pr\u00e4ferierten Umzugsunternehmer erzielen k\u00f6nnen, zum Beispiel weil sie Kenntnis einer R\u00fccktour zum gegebenen Zeitpunkt haben. Nimmt der andere Standort an, wird ein neuer Auftrag reserviert und erst freigeschaltet, sobald die Information im Abrechnungssystem hinterlegt wird. Wenn sich kein Standort innerhalb der festgelegten Zeitspanne f\u00fcr den Auftrag entscheidet, verbleibt dieser beim Auftraggeber.<\/p><p>Der Auftrag wird in beiden F\u00e4llen automatisch als Frachtangebot mit festgelegter Preisobergrenze an die jeweils pr\u00e4ferierten Umzugsunternehmer des Standortes, sowie jeweils an die pr\u00e4ferierten Unternehmer am Be- und Entladeort geschickt. Interessiert sich ein Unternehmer f\u00fcr den Umzug, kann er ein Angebot mit eigenem Preisvorschlag einreichen. Der Disponent kann sich nun f\u00fcr eines der Angebote entscheiden. Interessiert sich keiner der angefragten Unternehmer, erweitert sich der Kreis auf andere pr\u00e4ferierte Unternehmer im System und dann auf den Spotmarkt.<\/p><p><img class=\"wp-image-2282 size-full aligncenter\" src=\"https:\/\/tep-it.de\/wp-content\/uploads\/2023\/10\/Workflow_Relocation_DEpng.png\" alt=\"\" width=\"882\" height=\"702\" srcset=\"https:\/\/tep-it.de\/wp-content\/uploads\/2023\/10\/Workflow_Relocation_DEpng.png 882w, https:\/\/tep-it.de\/wp-content\/uploads\/2023\/10\/Workflow_Relocation_DEpng-300x239.png 300w, https:\/\/tep-it.de\/wp-content\/uploads\/2023\/10\/Workflow_Relocation_DEpng-768x611.png 768w\" sizes=\"(max-width: 882px) 100vw, 882px\" \/><\/p><p>\u00a0<\/p><h5>Angepasste oder erg\u00e4nzte Punkte<\/h5><p>\u00a0<\/p><ul><li>Anzeige aller f\u00fcr den Auftrag notwendigen Punkte aus dem Abrechnungssystem des Partners zur Einsicht f\u00fcr alle potenziellen Auftragnehmer<\/li><li>Im Abrechnungssystem eingespeiste Dokumente werden bei Vergabe an Unternehmer weitergeleitet<\/li><li>Volumen erh\u00e4lt eine Einteilung in Gesamtvolumen und effektives (abrechenbares) Volumen<\/li><li>Fehleingaben von Orten im Abrechnungssystem werden im tep-IT System erg\u00e4nzt bzw. korrigiert<\/li><li>Dienstleister k\u00f6nnen aus dem System direkt beauftragt werden (z.B. Halteverbotszone)<\/li><li>Auftr\u00e4ge, die durch die Schnittstelle in das System gelangen, erhalten den Status \u201eVorbereitung\u201c bis sie vollst\u00e4ndig erg\u00e4nzt werden<\/li><li>Einkaufs- und Verkaufspreise m\u00fcssen durch die verschiedenen Vergabestufen richtig gekennzeichnet sein (EK ist f\u00fcr vorherigen Standort der VK, VK ist sp\u00e4terer EK des Unternehmers)<\/li><li>pr\u00e4ferierte Umzugsunternehmer werden einem Auftraggeber zugeordnet und nicht der ganzen Plattform, k\u00f6nnen aber bei Bedarf von anderen Auftraggebern beauftragt werden<\/li><li>Umzugsunternehmer k\u00f6nnen mit integriertem Abrechnungstool Abrechnungen anfragen<\/li><li>Implementierung einer Karte auf Google-Maps-Grundlage, die alle laufenden Auftr\u00e4ge und deren Status abbildet (jeder Standort sieht seine eigenen)<\/li><\/ul>\t\t\t\t\t\t<\/div>\n\n\t\t\t\t\t\n\t\t\t\t\n\t\t\t\t\n\t\t\t<\/div>\n\n\t\t<\/div>\n\n\t<\/div>\n\n\t\n\t\t<div class=\"gem-textbox-bottom gem-textbox-bottom-none default-fill\">\n\t\t\t\t<\/div>\n\t\n\t\n<\/div>\n\t\t\t\t<\/div>\n\t\t\t\t<\/div>\n\t\t\t\t\t<\/div>\n\t\t\t\t<\/div>\n\t\t<div class=\"elementor-element elementor-element-ca74661 thegem-e-con-layout-elementor e-flex e-con-boxed e-con e-parent\" data-id=\"ca74661\" data-element_type=\"container\" data-e-type=\"container\" data-settings=\"{&quot;thegem_container_layout&quot;:&quot;elementor&quot;}\">\r\n\t\t\t\t\t<div class=\"e-con-inner\">\r\n\t\t\t\t<div class=\"elementor-element elementor-element-3de1a48 flex-horizontal-align-default flex-horizontal-align-tablet-default flex-horizontal-align-mobile-default flex-vertical-align-default flex-vertical-align-tablet-default flex-vertical-align-mobile-default elementor-widget elementor-widget-thegem-styled-textbox\" data-id=\"3de1a48\" data-element_type=\"widget\" data-e-type=\"widget\" data-settings=\"{&quot;thegem_elementor_preset&quot;:&quot;basic-left-aligned&quot;}\" data-widget_type=\"thegem-styled-textbox.default\">\n\t\t\t\t<div class=\"elementor-widget-container\">\n\t\t\t\t\t\n<div class=\"gem-textbox styled-textbox-basic-left-aligned\">\n\n\t\n\t\t<div class=\"gem-textbox-top gem-textbox-top-none default-fill\">\n\t\t\t\t\t<\/div>\n\t\n\t<div class=\"gem-textbox-inner\">\n\n\t\t<div class=\"gem-textbox-content default-background\">\n\n\t\t\t\n\t\t\t<div class=\"gem-texbox-text-wrapper\">\n\n\t\t\t\t\t\t\t\t\t\n\t\t\t\t\t\t<h4 class=\"gem-textbox-title title-h4 bold\">\n\t\t\t\t\t\t\tFazit\t\t\t\t\t\t<\/h4>\n\n\t\t\t\t\t\n\t\t\t\t\t\n\t\t\t\t\t\t<div class=\"gem-textbox-description gem-text-output\">\n\t\t\t\t\t\t\t<p>tep-IT hat es geschafft, die Digitalisierung eines gro\u00dfen Unternehmens der Logistikbranche voranzutreiben und dabei eine Win-Win-Situation f\u00fcr alle Beteiligten geschaffen.<\/p><p>Die existierende Software wurde so angepasst, dass sie perfekt in den Workflow des Partners integriert werden kann. Dabei werden vormals langwierige Abl\u00e4ufe standardisiert, digitalisiert und automatisiert. Die Wirtschaftlichkeit der Standorte kann \u00fcber die Plattform jederzeit gepr\u00fcft werden. Die Standorte sorgen durch die Vergabestruktur selbst f\u00fcr einen optimalen Abgabepreis an die Umzugsunternehmer und damit einen h\u00f6heren Gewinnanteil f\u00fcr des Gesamtunternehmen.<\/p>\t\t\t\t\t\t<\/div>\n\n\t\t\t\t\t\n\t\t\t\t\n\t\t\t\t\n\t\t\t<\/div>\n\n\t\t<\/div>\n\n\t<\/div>\n\n\t\n\t\t<div class=\"gem-textbox-bottom gem-textbox-bottom-none default-fill\">\n\t\t\t\t<\/div>\n\t\n\t\n<\/div>\n\t\t\t\t<\/div>\n\t\t\t\t<\/div>\n\t\t\t\t\t<\/div>\n\t\t\t\t<\/div>\n\t\t\t\t<\/div>\n\t\t","protected":false},"excerpt":{"rendered":"<p>Ausgangssituation In der Umzugsabteilung des Partners arbeiteten nicht alle Standorte wirtschaftlich. Ein Netzwerk zwischen den Standorten war zwar in der&#8230;<\/p>\n","protected":false},"author":1,"featured_media":0,"parent":0,"menu_order":0,"comment_status":"closed","ping_status":"closed","template":"page-fullwidth.php","meta":{"footnotes":""},"class_list":["post-2280","page","type-page","status-publish"],"_links":{"self":[{"href":"https:\/\/tep-it.de\/index.php\/wp-json\/wp\/v2\/pages\/2280","targetHints":{"allow":["GET"]}}],"collection":[{"href":"https:\/\/tep-it.de\/index.php\/wp-json\/wp\/v2\/pages"}],"about":[{"href":"https:\/\/tep-it.de\/index.php\/wp-json\/wp\/v2\/types\/page"}],"author":[{"embeddable":true,"href":"https:\/\/tep-it.de\/index.php\/wp-json\/wp\/v2\/users\/1"}],"replies":[{"embeddable":true,"href":"https:\/\/tep-it.de\/index.php\/wp-json\/wp\/v2\/comments?post=2280"}],"version-history":[{"count":7,"href":"https:\/\/tep-it.de\/index.php\/wp-json\/wp\/v2\/pages\/2280\/revisions"}],"predecessor-version":[{"id":2296,"href":"https:\/\/tep-it.de\/index.php\/wp-json\/wp\/v2\/pages\/2280\/revisions\/2296"}],"wp:attachment":[{"href":"https:\/\/tep-it.de\/index.php\/wp-json\/wp\/v2\/media?parent=2280"}],"curies":[{"name":"wp","href":"https:\/\/api.w.org\/{rel}","templated":true}]}}