{"id":1692,"date":"2023-05-05T09:38:17","date_gmt":"2023-05-05T07:38:17","guid":{"rendered":"https:\/\/wordpress.tep-it.de\/?page_id=1692"},"modified":"2023-09-17T11:36:42","modified_gmt":"2023-09-17T09:36:42","slug":"tep-system","status":"publish","type":"page","link":"https:\/\/tep-it.de\/index.php\/tep-system\/","title":{"rendered":"tep-System"},"content":{"rendered":"\t\t<div data-elementor-type=\"wp-page\" data-elementor-id=\"1692\" class=\"elementor elementor-1692\">\n\t\t\t\t<div class=\"elementor-element elementor-element-88f9b54 thegem-e-con-layout-elementor e-flex e-con-boxed e-con e-parent\" data-id=\"88f9b54\" data-element_type=\"container\" data-e-type=\"container\" data-settings=\"{&quot;thegem_container_layout&quot;:&quot;elementor&quot;}\">\r\n\t\t\t\t\t<div class=\"e-con-inner\">\r\n\t\t\t\t<div class=\"elementor-element elementor-element-417e0da flex-horizontal-align-default flex-horizontal-align-tablet-default flex-horizontal-align-mobile-default flex-vertical-align-default flex-vertical-align-tablet-default flex-vertical-align-mobile-default elementor-widget elementor-widget-thegem-styled-textbox\" data-id=\"417e0da\" data-element_type=\"widget\" data-e-type=\"widget\" data-settings=\"{&quot;thegem_elementor_preset&quot;:&quot;minimal&quot;}\" data-widget_type=\"thegem-styled-textbox.default\">\n\t\t\t\t<div class=\"elementor-widget-container\">\n\t\t\t\t\t\n<div class=\"gem-textbox styled-textbox-minimal\">\n\n\t\n\t\t<div class=\"gem-textbox-top gem-textbox-top-none default-fill\">\n\t\t\t\t\t<\/div>\n\t\n\t<div class=\"gem-textbox-inner\">\n\n\t\t<div class=\"gem-textbox-content bordered-box\">\n\n\t\t\t\n\t\t\t<div class=\"gem-texbox-text-wrapper\">\n\n\t\t\t\t\t\t\t\t\t\n\t\t\t\t\t\t<h4 class=\"gem-textbox-title title-h4 bold\">\n\t\t\t\t\t\t\tDas tep-System\t\t\t\t\t\t<\/h4>\n\n\t\t\t\t\t\n\t\t\t\t\t\n\t\t\t\t\t\t<div class=\"gem-textbox-description gem-text-output\">\n\t\t\t\t\t\t\t<p>Im Rahmen der Digitalisierung von industriellen Transportprozessen haben wir ein zuverl\u00e4ssiges und skalierbares Transportabwicklungssystem mit Front- und Backend f\u00fcr Logistikunternehmen entwickelt, das folgende Funktionalit\u00e4ten bietet<\/p><ul><li>Plattform f\u00fcr Tarif-, Spot- und Tendermarkt (Spezialtransporte)<\/li><li>Vollst\u00e4ndig zeit- und prozessgesteuert (Real Time)<\/li><li>Vollautomatisiert mit hohem Grad an Prozessstandardisierung<\/li><li>Einfache Anbindung an bestehende IT-Infrastruktur durch Schnittstellen<\/li><li>Keine Standardsoftware, spezielle Anforderungen k\u00f6nnen individuell angepasst werden (tailor-made)<\/li><\/ul><p>\u00a0<\/p><p>Das System bietet den Nutzern FTL (Full Truck Load), FCL (Container Transporte), LTL (Less Truck Load)<\/p><ul><li>Preismatrix mit Anforderungen des Unternehmens f\u00fcr einzelne Kunden \/ Betriebe<\/li><li>Ber\u00fccksichtigung verschiedener Tarife gleichzeitig (Zonentarif, Festpreis, Entfernung etc.) f\u00fcr optimale Preisverhandlungen<\/li><li>Track &amp; Trace System, auch als App<\/li><li>Compliance-Check vor dem Zugriff auf das System<\/li><li>Signifikante Produktivit\u00e4tssteigerung durch Reduzierung der administrativen Standard-Arbeitszeit (ca. 80%)<\/li><\/ul><p>\u00a0<\/p><p>Unsere cloudbasierte Software basiert auf einer Prozessautomatisierung des Workflows. Bedingt wird diese sowohl durch zeitliche Faktoren als auch durch ausw\u00e4hlbare und festgelegte Regeln. Diese Regeln, aber auch der Workflow selbst, k\u00f6nnen auf jeden Bedarf angepasst werden. Damit bleibt das System agil und anpassbar.<\/p>\t\t\t\t\t\t<\/div>\n\n\t\t\t\t\t\n\t\t\t\t\n\t\t\t\t\n\t\t\t<\/div>\n\n\t\t<\/div>\n\n\t<\/div>\n\n\t\n\t\t<div class=\"gem-textbox-bottom gem-textbox-bottom-none default-fill\">\n\t\t\t\t<\/div>\n\t\n\t\n<\/div>\n\t\t\t\t<\/div>\n\t\t\t\t<\/div>\n\t\t\t\t\t<\/div>\n\t\t\t\t<\/div>\n\t\t<div class=\"elementor-element elementor-element-a8be009 thegem-e-con-layout-elementor e-flex e-con-boxed e-con e-parent\" data-id=\"a8be009\" data-element_type=\"container\" data-e-type=\"container\" data-settings=\"{&quot;thegem_container_layout&quot;:&quot;elementor&quot;}\">\r\n\t\t\t\t\t<div class=\"e-con-inner\">\r\n\t\t\t\t<div class=\"elementor-element elementor-element-db88c7c flex-horizontal-align-default flex-horizontal-align-tablet-default flex-horizontal-align-mobile-default flex-vertical-align-default flex-vertical-align-tablet-default flex-vertical-align-mobile-default elementor-widget elementor-widget-thegem-styled-textbox\" data-id=\"db88c7c\" data-element_type=\"widget\" data-e-type=\"widget\" data-settings=\"{&quot;thegem_elementor_preset&quot;:&quot;minimal&quot;}\" data-widget_type=\"thegem-styled-textbox.default\">\n\t\t\t\t<div class=\"elementor-widget-container\">\n\t\t\t\t\t\n<div class=\"gem-textbox styled-textbox-minimal\">\n\n\t\n\t\t<div class=\"gem-textbox-top gem-textbox-top-none default-fill\">\n\t\t\t\t\t<\/div>\n\t\n\t<div class=\"gem-textbox-inner\">\n\n\t\t<div class=\"gem-textbox-content bordered-box\">\n\n\t\t\t\n\t\t\t<div class=\"gem-texbox-text-wrapper\">\n\n\t\t\t\t\t\t\t\t\t\n\t\t\t\t\t\t<h4 class=\"gem-textbox-title title-h4 bold\">\n\t\t\t\t\t\t\tWorkflow\t\t\t\t\t\t<\/h4>\n\n\t\t\t\t\t\n\t\t\t\t\t\n\t\t\t\t\t\t<div class=\"gem-textbox-description gem-text-output\">\n\t\t\t\t\t\t\t<p>Auftr\u00e4ge werden entweder durch eine API aus den bereits vorhandenen Systemen in das tep-System gespeist und weiterverarbeitet oder k\u00f6nnen direkt in den Eingabemasken des tep-Systems erfasst werden. Dabei k\u00f6nnen alle Daten des Auftrages ganzheitlich eingetragen und verwaltet werden. Anhand dieser Daten k\u00f6nnen im weiteren Verlauf passende Transportunternehmer gesucht werden. Es werden alle festgelegten Faktoren \u2013 wie etwa Leerkilometer oder Preis \u2013 ber\u00fccksichtigt. Damit kann das bestm\u00f6gliche Angebot gefunden und beauftragt werden. W\u00e4hrend der tats\u00e4chlichen Auftragsdurchf\u00fchrung \u00fcbernimmt dann unser Trackingsystem.<\/p><p>W\u00e4hrend des gesamten Prozesses werden \u00c4nderungen und Anpassungen allen betroffenen Parteien mitgeteilt. Die Kommunikation erfolgt direkt und in Echtzeit. Jeder einzelne Schritt erfolgt digital und -wenn gew\u00fcnscht - vollautomatisch.<\/p>\t\t\t\t\t\t<\/div>\n\n\t\t\t\t\t\n\t\t\t\t\n\t\t\t\t\n\t\t\t<\/div>\n\n\t\t<\/div>\n\n\t<\/div>\n\n\t\n\t\t<div class=\"gem-textbox-bottom gem-textbox-bottom-none default-fill\">\n\t\t\t\t<\/div>\n\t\n\t\n<\/div>\n\t\t\t\t<\/div>\n\t\t\t\t<\/div>\n\t\t\t\t<div class=\"elementor-element elementor-element-912566b flex-horizontal-align-default flex-horizontal-align-tablet-default flex-horizontal-align-mobile-default flex-vertical-align-default flex-vertical-align-tablet-default flex-vertical-align-mobile-default elementor-widget elementor-widget-image\" data-id=\"912566b\" data-element_type=\"widget\" data-e-type=\"widget\" data-widget_type=\"image.default\">\n\t\t\t\t<div class=\"elementor-widget-container\">\n\t\t\t\t\t\t\t\t\t\t\t\t\t\t\t<img width=\"1727\" height=\"105\" src=\"https:\/\/tep-it.de\/wp-content\/uploads\/2023\/08\/Workflow_DE.png\" class=\"attachment-full size-full wp-image-1906\" alt=\"\" srcset=\"https:\/\/tep-it.de\/wp-content\/uploads\/2023\/08\/Workflow_DE.png 1727w, https:\/\/tep-it.de\/wp-content\/uploads\/2023\/08\/Workflow_DE-300x18.png 300w, https:\/\/tep-it.de\/wp-content\/uploads\/2023\/08\/Workflow_DE-1024x62.png 1024w, https:\/\/tep-it.de\/wp-content\/uploads\/2023\/08\/Workflow_DE-768x47.png 768w, https:\/\/tep-it.de\/wp-content\/uploads\/2023\/08\/Workflow_DE-1536x93.png 1536w\" sizes=\"(max-width: 1727px) 100vw, 1727px\" \/>\t\t\t\t\t\t\t\t\t\t\t\t\t\t\t<\/div>\n\t\t\t\t<\/div>\n\t\t\t\t\t<\/div>\n\t\t\t\t<\/div>\n\t\t<div class=\"elementor-element elementor-element-f1244b6 thegem-e-con-layout-elementor e-flex e-con-boxed e-con e-parent\" data-id=\"f1244b6\" data-element_type=\"container\" data-e-type=\"container\" data-settings=\"{&quot;thegem_container_layout&quot;:&quot;elementor&quot;}\">\r\n\t\t\t\t\t<div class=\"e-con-inner\">\r\n\t\t<div class=\"elementor-element elementor-element-b976d0c e-con-full thegem-e-con-layout-elementor e-flex e-con e-child\" data-id=\"b976d0c\" data-element_type=\"container\" data-e-type=\"container\" data-settings=\"{&quot;thegem_container_layout&quot;:&quot;elementor&quot;}\">\r\n\t\t<div class=\"elementor-element elementor-element-83da302 thegem-e-con-layout-elementor e-flex e-con-boxed e-con e-child\" data-id=\"83da302\" data-element_type=\"container\" data-e-type=\"container\" data-settings=\"{&quot;thegem_container_layout&quot;:&quot;elementor&quot;}\">\r\n\t\t\t\t\t<div class=\"e-con-inner\">\r\n\t\t\t\t<div class=\"elementor-element elementor-element-9a8dc1b flex-horizontal-align-default flex-horizontal-align-tablet-default flex-horizontal-align-mobile-default flex-vertical-align-default flex-vertical-align-tablet-default flex-vertical-align-mobile-default elementor-widget elementor-widget-thegem-styled-textbox\" data-id=\"9a8dc1b\" data-element_type=\"widget\" data-e-type=\"widget\" data-settings=\"{&quot;thegem_elementor_preset&quot;:&quot;basic-left-aligned&quot;}\" data-widget_type=\"thegem-styled-textbox.default\">\n\t\t\t\t<div class=\"elementor-widget-container\">\n\t\t\t\t\t\n<div class=\"gem-textbox styled-textbox-basic-left-aligned\">\n\n\t\n\t\t<div class=\"gem-textbox-top gem-textbox-top-none default-fill\">\n\t\t\t\t\t<\/div>\n\t\n\t<div class=\"gem-textbox-inner\">\n\n\t\t<div class=\"gem-textbox-content default-background\">\n\n\t\t\t\n\t\t\t<div class=\"gem-texbox-text-wrapper\">\n\n\t\t\t\t\t\t\t\t\t\n\t\t\t\t\t\t<h5 class=\"gem-textbox-title title-h5 bold\">\n\t\t\t\t\t\t\tHerausforderungen\t\t\t\t\t\t<\/h5>\n\n\t\t\t\t\t\n\t\t\t\t\t\n\t\t\t\t\t\t<div class=\"gem-textbox-description gem-text-output\">\n\t\t\t\t\t\t\t<ul><li style=\"text-align: left\">Gro\u00dfes Wachstumsziel erfordert Produktivit\u00e4tssteigerung<\/li><li style=\"text-align: left\">Hinterland-Verkehr managen<\/li><li style=\"text-align: left\">Transportnetzwerk ben\u00f6tigt<ul><li>Aufteilung der eingehenden LCL und Luftfracht Master AWB;<\/li><li>Verteilung vom Hub zum endg\u00fcltigen Bestimmungsort<\/li><\/ul><\/li><li style=\"text-align: left\">Zugang zu Netzwerken in lokalen M\u00e4rkten<\/li><li style=\"text-align: left\">Die Einrichtung sollte einen Kompromiss zwischen Preis und Geschwindigkeit erm\u00f6glichen<\/li><li style=\"text-align: left\">Zugang nur auf konforme Anbieter beschr\u00e4nken<\/li><\/ul>\t\t\t\t\t\t<\/div>\n\n\t\t\t\t\t\n\t\t\t\t\n\t\t\t\t\n\t\t\t<\/div>\n\n\t\t<\/div>\n\n\t<\/div>\n\n\t\n\t\t<div class=\"gem-textbox-bottom gem-textbox-bottom-none default-fill\">\n\t\t\t\t<\/div>\n\t\n\t\n<\/div>\n\t\t\t\t<\/div>\n\t\t\t\t<\/div>\n\t\t\t\t<div class=\"elementor-element elementor-element-65641ea flex-horizontal-align-default flex-horizontal-align-tablet-default flex-horizontal-align-mobile-default flex-vertical-align-default flex-vertical-align-tablet-default flex-vertical-align-mobile-default elementor-widget elementor-widget-thegem-styled-textbox\" data-id=\"65641ea\" data-element_type=\"widget\" data-e-type=\"widget\" data-settings=\"{&quot;thegem_elementor_preset&quot;:&quot;basic-left-aligned&quot;}\" data-widget_type=\"thegem-styled-textbox.default\">\n\t\t\t\t<div class=\"elementor-widget-container\">\n\t\t\t\t\t\n<div class=\"gem-textbox styled-textbox-basic-left-aligned\">\n\n\t\n\t\t<div class=\"gem-textbox-top gem-textbox-top-none default-fill\">\n\t\t\t\t\t<\/div>\n\t\n\t<div class=\"gem-textbox-inner\">\n\n\t\t<div class=\"gem-textbox-content default-background\">\n\n\t\t\t\n\t\t\t<div class=\"gem-texbox-text-wrapper\">\n\n\t\t\t\t\t\t\t\t\t\n\t\t\t\t\t\t<h5 class=\"gem-textbox-title title-h5 bold\">\n\t\t\t\t\t\t\tL\u00f6sung\t\t\t\t\t\t<\/h5>\n\n\t\t\t\t\t\n\t\t\t\t\t\n\t\t\t\t\t\t<div class=\"gem-textbox-description gem-text-output\">\n\t\t\t\t\t\t\t<ul><li style=\"text-align: left\">Workflow-Engine<\/li><li style=\"text-align: left\">Vollst\u00e4ndig zeitgesteuert<\/li><li style=\"text-align: left\">Ausf\u00fchrung ohne jegliche Eingriffe<\/li><li style=\"text-align: left\">Anbindung an bestehende CRM- und TMS-Systeme m\u00f6glich<\/li><li style=\"text-align: left\">Keine IT-Investition<\/li><li style=\"text-align: left\">Mid-Mile-Dienste k\u00f6nnen hinzugef\u00fcgt werden<\/li><\/ul>\t\t\t\t\t\t<\/div>\n\n\t\t\t\t\t\n\t\t\t\t\n\t\t\t\t\n\t\t\t<\/div>\n\n\t\t<\/div>\n\n\t<\/div>\n\n\t\n\t\t<div class=\"gem-textbox-bottom gem-textbox-bottom-none default-fill\">\n\t\t\t\t<\/div>\n\t\n\t\n<\/div>\n\t\t\t\t<\/div>\n\t\t\t\t<\/div>\n\t\t\t\t\t<\/div>\n\t\t\t\t<\/div>\n\t\t\t\t<\/div>\n\t\t<div class=\"elementor-element elementor-element-29f2dd4 e-con-full thegem-e-con-layout-elementor e-flex e-con e-child\" data-id=\"29f2dd4\" data-element_type=\"container\" data-e-type=\"container\" data-settings=\"{&quot;thegem_container_layout&quot;:&quot;elementor&quot;}\">\r\n\t\t\t\t<div class=\"elementor-element elementor-element-a986ff0 flex-horizontal-align-default flex-horizontal-align-tablet-default flex-horizontal-align-mobile-default flex-vertical-align-default flex-vertical-align-tablet-default flex-vertical-align-mobile-default elementor-widget elementor-widget-thegem-styled-textbox\" data-id=\"a986ff0\" data-element_type=\"widget\" data-e-type=\"widget\" data-settings=\"{&quot;thegem_elementor_preset&quot;:&quot;basic&quot;}\" data-widget_type=\"thegem-styled-textbox.default\">\n\t\t\t\t<div class=\"elementor-widget-container\">\n\t\t\t\t\t\n<div class=\"gem-textbox styled-textbox-basic\">\n\n\t\n\t\t<div class=\"gem-textbox-top gem-textbox-top-none default-fill\">\n\t\t\t\t\t<\/div>\n\t\n\t<div class=\"gem-textbox-inner\">\n\n\t\t<div class=\"gem-textbox-content default-background icon-top gem-textbox-icon-image-wrapping-none\">\n\n\t\t\t\t\t\t\t<div class=\"gem-texbox-icon-image-wrapper\">\n\n\t\t\t\t\t\t\t\t\t\t\t<div class=\"icon-top \">\n\t\t\t\t\t\t\t<div class=\"gem-textbox-icon\">\n\t\t\t\t\t\t\t\t<div class=\"elementor-icon\">\n\t\t\t\t\t\t\t\t\t<i aria-hidden=\"true\" class=\"fas fa-plus\"><\/i>\t\t\t\t\t\t\t\t<\/div>\n\t\t\t\t\t\t\t<\/div>\n\t\t\t\t\t\t<\/div>\n\t\t\t\t\t\n\t\t\t\t\t\n\t\t\t\t<\/div>\n\t\t\t\n\t\t\t<div class=\"gem-texbox-text-wrapper\">\n\n\t\t\t\t\t\t\t\t\t\n\t\t\t\t\t\t<h5 class=\"gem-textbox-title title-h5 bold\">\n\t\t\t\t\t\t\tVorteile\t\t\t\t\t\t<\/h5>\n\n\t\t\t\t\t\n\t\t\t\t\t\n\t\t\t\t\t\t<div class=\"gem-textbox-description gem-text-output\">\n\t\t\t\t\t\t\t<ul><li style=\"text-align: left\">Erm\u00f6glicht eine Verf\u00fcnffachung des Volumens, ohne dass neue Mitarbeiter eingestellt werden m\u00fcssen<\/li><li style=\"text-align: left\">Optimale Preis-\/Geschwindigkeitsmatrix entsprechend den Anforderungen des Unternehmens pro Kunde<\/li><li style=\"text-align: left\">Gleichzeitige Verwaltung mehrerer Tarifarten (Zone, Flat, Entfernung usw.) f\u00fcr eine optimale Preisgestaltung<\/li><li style=\"text-align: left\">Volle Flexibilit\u00e4t bei Auftrags\u00e4nderungen bis zur Auslieferung (ohne Stornierung eines bestehenden und Einrichtung eines neuen Auftrags); das Unternehmen bestimmt den Punkt, an dem sich nichts mehr \u00e4ndert, nach Ereignis (Kolli-Nummern, Adressen)<\/li><li style=\"text-align: left\">Konsolidierung der Track &amp; Trace-Informationen aller Lieferanten zur Verwendung im globalen System des Unternehmens<\/li><li style=\"text-align: left\">Generierung von Gutschriften gegen\u00fcber Lieferanten zur Vereinfachung der Buchhaltung<\/li><li style=\"text-align: left\">Compliance-Pr\u00fcfung vor der Aufnahme in das Unternehmenssystem; vollst\u00e4ndig dokumentiert<\/li><li style=\"text-align: left\">Dynamische Kontrollen, ereignisbasiert<\/li><li style=\"text-align: left\">Einfach auszuf\u00fchrende Aufgaben: \"Arbeiten Sie Ihre Aufgabenliste ab\"<\/li><\/ul>\t\t\t\t\t\t<\/div>\n\n\t\t\t\t\t\n\t\t\t\t\n\t\t\t\t\n\t\t\t<\/div>\n\n\t\t<\/div>\n\n\t<\/div>\n\n\t\n\t\t<div class=\"gem-textbox-bottom gem-textbox-bottom-none default-fill\">\n\t\t\t\t<\/div>\n\t\n\t\n<\/div>\n\t\t\t\t<\/div>\n\t\t\t\t<\/div>\n\t\t\t\t<\/div>\n\t\t\t\t\t<\/div>\n\t\t\t\t<\/div>\n\t\t<div class=\"elementor-element elementor-element-9115cb0 thegem-e-con-layout-elementor e-flex e-con-boxed e-con e-parent\" data-id=\"9115cb0\" data-element_type=\"container\" data-e-type=\"container\" data-settings=\"{&quot;thegem_container_layout&quot;:&quot;elementor&quot;}\">\r\n\t\t\t\t\t<div class=\"e-con-inner\">\r\n\t\t<div class=\"elementor-element elementor-element-dfad2ab e-con-full thegem-e-con-layout-elementor e-flex e-con e-child\" data-id=\"dfad2ab\" data-element_type=\"container\" data-e-type=\"container\" data-settings=\"{&quot;thegem_container_layout&quot;:&quot;elementor&quot;}\">\r\n\t\t\t\t<div class=\"elementor-element elementor-element-82eeb0b flex-horizontal-align-default flex-horizontal-align-tablet-default flex-horizontal-align-mobile-default flex-vertical-align-default flex-vertical-align-tablet-default flex-vertical-align-mobile-default elementor-widget elementor-widget-thegem-styled-textbox\" data-id=\"82eeb0b\" data-element_type=\"widget\" data-e-type=\"widget\" data-settings=\"{&quot;thegem_elementor_preset&quot;:&quot;minimal&quot;}\" data-widget_type=\"thegem-styled-textbox.default\">\n\t\t\t\t<div class=\"elementor-widget-container\">\n\t\t\t\t\t\n<div class=\"gem-textbox styled-textbox-minimal\">\n\n\t\n\t\t<div class=\"gem-textbox-top gem-textbox-top-none default-fill\">\n\t\t\t\t\t<\/div>\n\t\n\t<div class=\"gem-textbox-inner\">\n\n\t\t<div class=\"gem-textbox-content bordered-box\">\n\n\t\t\t\n\t\t\t<div class=\"gem-texbox-text-wrapper\">\n\n\t\t\t\t\t\t\t\t\t\n\t\t\t\t\t\t<h4 class=\"gem-textbox-title title-h4 bold\">\n\t\t\t\t\t\t\tWas kann tep?\t\t\t\t\t\t<\/h4>\n\n\t\t\t\t\t\n\t\t\t\t\t\n\t\t\t\t\n\t\t\t\t\n\t\t\t<\/div>\n\n\t\t<\/div>\n\n\t<\/div>\n\n\t\n\t\t<div class=\"gem-textbox-bottom gem-textbox-bottom-none default-fill\">\n\t\t\t\t<\/div>\n\t\n\t\n<\/div>\n\t\t\t\t<\/div>\n\t\t\t\t<\/div>\n\t\t\t\t<\/div>\n\t\t<div class=\"elementor-element elementor-element-03100e9 e-con-full thegem-e-con-layout-elementor e-flex e-con e-child\" data-id=\"03100e9\" data-element_type=\"container\" data-e-type=\"container\" data-settings=\"{&quot;thegem_container_layout&quot;:&quot;elementor&quot;}\">\r\n\t\t\t\t<\/div>\n\t\t<div class=\"elementor-element elementor-element-98f8ba8 e-con-full thegem-e-con-layout-elementor e-flex e-con e-child\" data-id=\"98f8ba8\" data-element_type=\"container\" data-e-type=\"container\" data-settings=\"{&quot;thegem_container_layout&quot;:&quot;elementor&quot;}\">\r\n\t\t\t\t<div class=\"elementor-element elementor-element-39bc2db flex-horizontal-align-default flex-horizontal-align-tablet-default flex-horizontal-align-mobile-default flex-vertical-align-default flex-vertical-align-tablet-default flex-vertical-align-mobile-default elementor-widget elementor-widget-image\" data-id=\"39bc2db\" data-element_type=\"widget\" data-e-type=\"widget\" data-widget_type=\"image.default\">\n\t\t\t\t<div class=\"elementor-widget-container\">\n\t\t\t\t\t\t\t\t\t\t\t\t\t\t\t<img width=\"2100\" height=\"949\" src=\"https:\/\/tep-it.de\/wp-content\/uploads\/2023\/09\/4pl-Schaubild_DE.png\" class=\"attachment-full size-full wp-image-2021\" alt=\"\" srcset=\"https:\/\/tep-it.de\/wp-content\/uploads\/2023\/09\/4pl-Schaubild_DE.png 2100w, https:\/\/tep-it.de\/wp-content\/uploads\/2023\/09\/4pl-Schaubild_DE-300x136.png 300w, https:\/\/tep-it.de\/wp-content\/uploads\/2023\/09\/4pl-Schaubild_DE-1024x463.png 1024w, https:\/\/tep-it.de\/wp-content\/uploads\/2023\/09\/4pl-Schaubild_DE-768x347.png 768w, https:\/\/tep-it.de\/wp-content\/uploads\/2023\/09\/4pl-Schaubild_DE-1536x694.png 1536w, https:\/\/tep-it.de\/wp-content\/uploads\/2023\/09\/4pl-Schaubild_DE-2048x926.png 2048w\" sizes=\"(max-width: 2100px) 100vw, 2100px\" \/>\t\t\t\t\t\t\t\t\t\t\t\t\t\t\t<\/div>\n\t\t\t\t<\/div>\n\t\t\t\t<\/div>\n\t\t\t\t\t<\/div>\n\t\t\t\t<\/div>\n\t\t\t\t<\/div>\n\t\t","protected":false},"excerpt":{"rendered":"<p>Das tep-System Im Rahmen der Digitalisierung von industriellen Transportprozessen haben wir ein zuverl\u00e4ssiges und skalierbares Transportabwicklungssystem mit Front- und Backend&#8230;<\/p>\n","protected":false},"author":1,"featured_media":0,"parent":0,"menu_order":0,"comment_status":"closed","ping_status":"closed","template":"","meta":{"footnotes":""},"class_list":["post-1692","page","type-page","status-publish"],"_links":{"self":[{"href":"https:\/\/tep-it.de\/index.php\/wp-json\/wp\/v2\/pages\/1692","targetHints":{"allow":["GET"]}}],"collection":[{"href":"https:\/\/tep-it.de\/index.php\/wp-json\/wp\/v2\/pages"}],"about":[{"href":"https:\/\/tep-it.de\/index.php\/wp-json\/wp\/v2\/types\/page"}],"author":[{"embeddable":true,"href":"https:\/\/tep-it.de\/index.php\/wp-json\/wp\/v2\/users\/1"}],"replies":[{"embeddable":true,"href":"https:\/\/tep-it.de\/index.php\/wp-json\/wp\/v2\/comments?post=1692"}],"version-history":[{"count":141,"href":"https:\/\/tep-it.de\/index.php\/wp-json\/wp\/v2\/pages\/1692\/revisions"}],"predecessor-version":[{"id":2257,"href":"https:\/\/tep-it.de\/index.php\/wp-json\/wp\/v2\/pages\/1692\/revisions\/2257"}],"wp:attachment":[{"href":"https:\/\/tep-it.de\/index.php\/wp-json\/wp\/v2\/media?parent=1692"}],"curies":[{"name":"wp","href":"https:\/\/api.w.org\/{rel}","templated":true}]}}