{"id":1689,"date":"2023-05-05T09:38:17","date_gmt":"2023-05-05T07:38:17","guid":{"rendered":"https:\/\/wordpress.tep-it.de\/?page_id=1689"},"modified":"2024-02-19T18:08:01","modified_gmt":"2024-02-19T17:08:01","slug":"apaas","status":"publish","type":"page","link":"https:\/\/tep-it.de\/index.php\/apaas\/","title":{"rendered":"aPaaS"},"content":{"rendered":"\t\t<div data-elementor-type=\"wp-page\" data-elementor-id=\"1689\" class=\"elementor elementor-1689\">\n\t\t\t\t<div class=\"elementor-element elementor-element-636e773 thegem-e-con-layout-elementor e-flex e-con-boxed e-con e-parent\" data-id=\"636e773\" data-element_type=\"container\" data-e-type=\"container\" data-settings=\"{&quot;thegem_container_layout&quot;:&quot;elementor&quot;}\">\r\n\t\t\t\t\t<div class=\"e-con-inner\">\r\n\t\t\t\t<div class=\"elementor-element elementor-element-1771b74 flex-horizontal-align-default flex-horizontal-align-tablet-default flex-horizontal-align-mobile-default flex-vertical-align-default flex-vertical-align-tablet-default flex-vertical-align-mobile-default elementor-widget elementor-widget-thegem-styled-textbox\" data-id=\"1771b74\" data-element_type=\"widget\" data-e-type=\"widget\" data-settings=\"{&quot;thegem_elementor_preset&quot;:&quot;minimal&quot;}\" data-widget_type=\"thegem-styled-textbox.default\">\n\t\t\t\t<div class=\"elementor-widget-container\">\n\t\t\t\t\t\n<div class=\"gem-textbox styled-textbox-minimal\">\n\n\t\n\t\t<div class=\"gem-textbox-top gem-textbox-top-none default-fill\">\n\t\t\t\t\t<\/div>\n\t\n\t<div class=\"gem-textbox-inner\">\n\n\t\t<div class=\"gem-textbox-content bordered-box\">\n\n\t\t\t\n\t\t\t<div class=\"gem-texbox-text-wrapper\">\n\n\t\t\t\t\t\t\t\t\t\n\t\t\t\t\t\t<h4 class=\"gem-textbox-title title-h4 bold\">\n\t\t\t\t\t\t\tWas ist aPaaS?\t\t\t\t\t\t<\/h4>\n\n\t\t\t\t\t\n\t\t\t\t\t\n\t\t\t\t\t\t<div class=\"gem-textbox-description gem-text-output\">\n\t\t\t\t\t\t\t<p><span style=\"font-weight: 400\">Mit aPaaS k\u00f6nnen schnell hochwertige L\u00f6sungen f\u00fcr mehrere Parteien entwickelt werden. Sie k\u00f6nnen mit sich \u00e4ndernden Technologietrends, Marktver\u00e4nderungen und neuen politischen Vorgaben Schritt halten. Insbesondere, indem Anwendungen erweitert und anpasst oder auch neue Anwendungen entwickelt werden.<\/span>&nbsp;<\/p><p><span style=\"font-weight: 400\">Einer der Vorteile von aPaaS betrifft vor allem diejenigen Nutzer, die sich im Rahmen ihrer Aufgaben \u00fcblicherweise nicht um die technische Infrastruktur oder auch spezifische Logistikanforderungen k\u00fcmmern m\u00fcssen. Mit aPaaS k\u00f6nnen Anwendungen entwickelt werden, ohne dass sich die Gebietsk\u00f6rperschaften um den Aufbau und die Wartung der zugrunde liegenden Infrastruktur, wie Server, Datenbanken und Netzwerke k\u00fcmmern m\u00fcssen.<\/span><\/p>\t\t\t\t\t\t<\/div>\n\n\t\t\t\t\t\n\t\t\t\t\n\t\t\t\t\n\t\t\t<\/div>\n\n\t\t<\/div>\n\n\t<\/div>\n\n\t\n\t\t<div class=\"gem-textbox-bottom gem-textbox-bottom-none default-fill\">\n\t\t\t\t<\/div>\n\t\n\t\n<\/div>\n\t\t\t\t<\/div>\n\t\t\t\t<\/div>\n\t\t\t\t<div class=\"elementor-element elementor-element-8e7ef9c flex-horizontal-align-default flex-horizontal-align-tablet-default flex-horizontal-align-mobile-default flex-vertical-align-default flex-vertical-align-tablet-default flex-vertical-align-mobile-default elementor-widget elementor-widget-thegem-quoted-text\" data-id=\"8e7ef9c\" data-element_type=\"widget\" data-e-type=\"widget\" data-settings=\"{&quot;thegem_elementor_preset&quot;:&quot;style-5&quot;}\" data-widget_type=\"thegem-quoted-text.default\">\n\t\t\t\t<div class=\"elementor-widget-container\">\n\t\t\t\t\t<div class=\"gem-quote gem-quote-style-5 default-background\">\n\t<blockquote class=\"gem-text-output\"><div class=\"small-body\" dir=\"ltr\" style=\"line-height: 1.2;margin-top: 0pt;margin-bottom: 0pt\"><span style=\"font-size: 12pt;font-family: Calibri, sans-serif;color: #ffffff;background-color: transparent;vertical-align: baseline\">Platform as a Service (PaaS) ist definiert als Anwendungsinfrastrukturfunktionalit\u00e4t, die mit Cloud-Merkmalen angereichert und als Dienst angeboten wird.\u00a0<\/span><\/div><div class=\"small-body\" dir=\"ltr\" style=\"line-height: 1.2;margin-top: 0pt;margin-bottom: 0pt\"><span style=\"font-size: 12pt;font-family: Calibri, sans-serif;color: #ffffff;background-color: transparent;vertical-align: baseline\">Application Platform as a Service (aPaaS) ist ein PaaS-Angebot, das die Anwendungsentwicklung, -bereitstellung und -ausf\u00fchrung in der Cloud unterst\u00fctzt und Ressourcen wie die Infrastruktur kapselt und Dienste wie die f\u00fcr die Datenverwaltung und Benutzerschnittstellen umfasst. <\/span><\/div><p>\u00a0<\/p><div class=\"small-body\"><i><span style=\"font-weight: 400\">(Gartner's Magic Quadrant for Enterprise Application Platform as a Service 2016)<\/span><\/i><\/div><\/blockquote>\n<\/div>\n\t\t\t\t<\/div>\n\t\t\t\t<\/div>\n\t\t\t\t<div class=\"elementor-element elementor-element-07d63a2 flex-horizontal-align-default flex-horizontal-align-tablet-default flex-horizontal-align-mobile-default flex-vertical-align-default flex-vertical-align-tablet-default flex-vertical-align-mobile-default elementor-widget elementor-widget-thegem-styled-textbox\" data-id=\"07d63a2\" data-element_type=\"widget\" data-e-type=\"widget\" data-settings=\"{&quot;thegem_elementor_preset&quot;:&quot;minimal&quot;}\" data-widget_type=\"thegem-styled-textbox.default\">\n\t\t\t\t<div class=\"elementor-widget-container\">\n\t\t\t\t\t\n<div class=\"gem-textbox styled-textbox-minimal\">\n\n\t\n\t\t<div class=\"gem-textbox-top gem-textbox-top-none default-fill\">\n\t\t\t\t\t<\/div>\n\t\n\t<div class=\"gem-textbox-inner\">\n\n\t\t<div class=\"gem-textbox-content bordered-box\">\n\n\t\t\t\n\t\t\t<div class=\"gem-texbox-text-wrapper\">\n\n\t\t\t\t\t\t\t\t\t\n\t\t\t\t\t\t<h4 class=\"gem-textbox-title title-h4 bold\">\n\t\t\t\t\t\t\tWarum aPaaS?\t\t\t\t\t\t<\/h4>\n\n\t\t\t\t\t\n\t\t\t\t\t\n\t\t\t\t\t\t<div class=\"gem-textbox-description gem-text-output\">\n\t\t\t\t\t\t\t<p><span style=\"font-weight: 400\">Der gr\u00f6\u00dfte Vorteil einer aPaaS ist die Geschwindigkeit. Die Entwicklung und Bereitstellung von Apps erfolgt deutlich schneller als z.B. die Erarbeitung von Ausschreibungen, Vertragssystemen zwischen Nutzern und Transportunternehmen<\/span><span style=\"font-weight: 400\">. <\/span><span style=\"font-weight: 400\">Durch<\/span><span style=\"font-weight: 400\">&nbsp; <\/span><span style=\"font-weight: 400\">vorgefertigte Module, die sich zueinander in Funktion abgrenzen, aber miteinander verbunden werden k\u00f6nnen, k\u00f6nnen gro\u00dfe Plattformen ma\u00dfgeschneidert entwickelt werden.<\/span><\/p>Damit k\u00f6nnen wir unser System auf au\u00dfergew\u00f6hnliche, nicht der Norm entsprechende Anwendungsfelder erweitern und leicht anpassen. \t\t\t\t\t\t<\/div>\n\n\t\t\t\t\t\n\t\t\t\t\n\t\t\t\t\n\t\t\t<\/div>\n\n\t\t<\/div>\n\n\t<\/div>\n\n\t\n\t\t<div class=\"gem-textbox-bottom gem-textbox-bottom-none default-fill\">\n\t\t\t\t<\/div>\n\t\n\t\n<\/div>\n\t\t\t\t<\/div>\n\t\t\t\t<\/div>\n\t\t\t\t\t<\/div>\n\t\t\t\t<\/div>\n\t\t\t\t<section class=\"elementor-section elementor-top-section elementor-element elementor-element-3aca1163 elementor-section-height-min-height elementor-section-boxed elementor-section-height-default elementor-section-items-middle\" data-id=\"3aca1163\" data-element_type=\"section\" data-e-type=\"section\" data-settings=\"{&quot;background_background&quot;:&quot;classic&quot;,&quot;thegem_parallax_activate&quot;:&quot;yes&quot;,&quot;shape_divider_top&quot;:&quot;clouds&quot;,&quot;shape_divider_top_negative&quot;:&quot;yes&quot;,&quot;shape_divider_bottom&quot;:&quot;clouds&quot;,&quot;shape_divider_bottom_negative&quot;:&quot;yes&quot;,&quot;animation&quot;:&quot;none&quot;,&quot;thegem_parallax_type&quot;:&quot;vertical&quot;}\">\r\n\t\t\t\t\t<div class=\"elementor-shape elementor-shape-top\" data-negative=\"true\">\r\n\t\t\t<svg xmlns=\"http:\/\/www.w3.org\/2000\/svg\" viewBox=\"0 0 283.5 27.8\" preserveAspectRatio=\"xMidYMax slice\">\n\t<path class=\"elementor-shape-fill\" d=\"M265.8 3.5c-10.9 0-15.9 6.2-15.9 6.2s-3.6-3.5-9.2-.9c-9.1 4.1-4.4 13.4-4.4 13.4s-1.2.2-1.9.9c-.6.7-.5 1.9-.5 1.9s-1-.5-2.3-.2c-1.3.3-1.6 1.4-1.6 1.4s.4-3.4-1.5-5c-3.9-3.4-8.3-.2-8.3-.2s-.6-.7-.9-.9c-.4-.2-1.2-.2-1.2-.2s-4.4-3.6-11.5-2.6-10.4 7.9-10.4 7.9-.5-3.3-3.9-4.9c-4.8-2.4-7.4 0-7.4 0s2.4-4.1-1.9-6.4-6.2 1.2-6.2 1.2-.9-.5-2.1-.5-2.3 1.1-2.3 1.1.1-.7-1.1-1.1c-1.2-.4-2 0-2 0s3.6-6.8-3.5-8.9c-6-1.8-7.9 2.6-8.4 4-.1-.3-.4-.7-.9-1.1-1-.7-1.3-.5-1.3-.5s1-4-1.7-5.2c-2.7-1.2-4.2 1.1-4.2 1.1s-3.1-1-5.7 1.4-2.1 5.5-2.1 5.5-.9 0-2.1.7-1.4 1.7-1.4 1.7-1.7-1.2-4.3-1.2c-2.6 0-4.5 1.2-4.5 1.2s-.7-1.5-2.8-2.4c-2.1-.9-4 0-4 0s2.6-5.9-4.7-9c-7.3-3.1-12.6 3.3-12.6 3.3s-.9 0-1.9.2c-.9.2-1.5.9-1.5.9S99.4 3 94.9 3.9c-4.5.9-5.7 5.7-5.7 5.7s-2.8-5-12.3-3.9-11.1 6-11.1 6-1.2-1.4-4-.7c-.8.2-1.3.5-1.8.9-.9-2.1-2.7-4.9-6.2-4.4-3.2.4-4 2.2-4 2.2s-.5-.7-1.2-.7h-1.4s-.5-.9-1.7-1.4-2.4 0-2.4 0-2.4-1.2-4.7 0-3.1 4.1-3.1 4.1-1.7-1.4-3.6-.7c-1.9.7-1.9 2.8-1.9 2.8s-.5-.5-1.7-.2c-1.2.2-1.4.7-1.4.7s-.7-2.3-2.8-2.8c-2.1-.5-4.3.2-4.3.2s-1.7-5-11.1-6c-3.8-.4-6.6.2-8.5 1v21.2h283.5V11.1c-.9.2-1.6.4-1.6.4s-5.2-8-16.1-8z\"\/>\n<\/svg>\n\t\t<\/div>\r\n\t\t\t\t<div class=\"elementor-shape elementor-shape-bottom\" data-negative=\"true\">\r\n\t\t\t<svg xmlns=\"http:\/\/www.w3.org\/2000\/svg\" viewBox=\"0 0 283.5 27.8\" preserveAspectRatio=\"xMidYMax slice\">\n\t<path class=\"elementor-shape-fill\" d=\"M265.8 3.5c-10.9 0-15.9 6.2-15.9 6.2s-3.6-3.5-9.2-.9c-9.1 4.1-4.4 13.4-4.4 13.4s-1.2.2-1.9.9c-.6.7-.5 1.9-.5 1.9s-1-.5-2.3-.2c-1.3.3-1.6 1.4-1.6 1.4s.4-3.4-1.5-5c-3.9-3.4-8.3-.2-8.3-.2s-.6-.7-.9-.9c-.4-.2-1.2-.2-1.2-.2s-4.4-3.6-11.5-2.6-10.4 7.9-10.4 7.9-.5-3.3-3.9-4.9c-4.8-2.4-7.4 0-7.4 0s2.4-4.1-1.9-6.4-6.2 1.2-6.2 1.2-.9-.5-2.1-.5-2.3 1.1-2.3 1.1.1-.7-1.1-1.1c-1.2-.4-2 0-2 0s3.6-6.8-3.5-8.9c-6-1.8-7.9 2.6-8.4 4-.1-.3-.4-.7-.9-1.1-1-.7-1.3-.5-1.3-.5s1-4-1.7-5.2c-2.7-1.2-4.2 1.1-4.2 1.1s-3.1-1-5.7 1.4-2.1 5.5-2.1 5.5-.9 0-2.1.7-1.4 1.7-1.4 1.7-1.7-1.2-4.3-1.2c-2.6 0-4.5 1.2-4.5 1.2s-.7-1.5-2.8-2.4c-2.1-.9-4 0-4 0s2.6-5.9-4.7-9c-7.3-3.1-12.6 3.3-12.6 3.3s-.9 0-1.9.2c-.9.2-1.5.9-1.5.9S99.4 3 94.9 3.9c-4.5.9-5.7 5.7-5.7 5.7s-2.8-5-12.3-3.9-11.1 6-11.1 6-1.2-1.4-4-.7c-.8.2-1.3.5-1.8.9-.9-2.1-2.7-4.9-6.2-4.4-3.2.4-4 2.2-4 2.2s-.5-.7-1.2-.7h-1.4s-.5-.9-1.7-1.4-2.4 0-2.4 0-2.4-1.2-4.7 0-3.1 4.1-3.1 4.1-1.7-1.4-3.6-.7c-1.9.7-1.9 2.8-1.9 2.8s-.5-.5-1.7-.2c-1.2.2-1.4.7-1.4.7s-.7-2.3-2.8-2.8c-2.1-.5-4.3.2-4.3.2s-1.7-5-11.1-6c-3.8-.4-6.6.2-8.5 1v21.2h283.5V11.1c-.9.2-1.6.4-1.6.4s-5.2-8-16.1-8z\"\/>\n<\/svg>\n\t\t<\/div>\r\n\t\t\t\t\t<div class=\"elementor-container elementor-column-gap-extended\"><div class=\"elementor-row\">\r\n\t\t\t\t\t<div class=\"elementor-column elementor-col-33 elementor-top-column elementor-element elementor-element-7614e2da\" data-id=\"7614e2da\" data-element_type=\"column\" data-e-type=\"column\">\n\t\t\t<div class=\"elementor-widget-wrap elementor-element-populated\">\n\t\t\t\t\t\t<div class=\"elementor-element elementor-element-358ad9c4 flex-horizontal-align-default flex-horizontal-align-tablet-default flex-horizontal-align-mobile-default flex-vertical-align-default flex-vertical-align-tablet-default flex-vertical-align-mobile-default elementor-widget elementor-widget-thegem-pricing-table\" data-id=\"358ad9c4\" data-element_type=\"widget\" data-e-type=\"widget\" data-settings=\"{&quot;thegem_elementor_preset&quot;:&quot;2&quot;,&quot;content_header_title&quot;:&quot;saas&quot;,&quot;content_header_show&quot;:&quot;yes&quot;,&quot;content_pricing_show&quot;:&quot;yes&quot;,&quot;content_features_show&quot;:&quot;yes&quot;,&quot;content_footer_show&quot;:&quot;yes&quot;}\" data-widget_type=\"thegem-pricing-table.default\">\n\t\t\t\t<div class=\"elementor-widget-container\">\n\t\t\t\t\t\n<div class=\"pricing-table pricing-table-style-2 button-icon-default\">\n\t\t<div class=\"pricing-column-wrapper \">\n\t\t\t\n\t\t\t\n\t\t\t<div class=\"pricing-column\">\n\t\t\t\t\t\t\t<div class=\"pricing-price-row\">\n\n\t\t\t\t\t\t\t\t\t<div class=\"pricing-price-title-wrapper\">\n\t\t\t\t\t\t\t\t\t\t\t\t\t<div class=\"pricing-price-title\"><span >saas<\/span><\/div>\t\t\t\t\t\t\t\t\t\t\t\t\t\t\t\t\t<\/div>\n\t\t\t\t\n\t\t\t\t\t\t\t\t\t<div class=\"pricing-price-wrapper\">\n\t\t\t\t\t\t<div class=\"pricing-price\">\n\t\t\t\t\t\t\t\t\t\t\t\t\t<div class=\"pricing-cost\">Software as a Service<\/div>\t\t\t\t\t\t\t\t\t\t\t\t\t\t\t\t\t\t<\/div>\n\t\t\t\t\t<\/div>\n\t\t\t\t\t\t\t\t<\/div>\n\t\t\t\t\t\t\t\t\n\t\t\t\t\t\t\t\t\t<div>\n\t\t\t\t\t\t\t\t\t\t\t\t\t\t\t<figure class=\"pricing-row features-align-center\">\n\t\t\t\t\t\t\t\t\t\t\t\t<span >\n\t\t\t\t\t\t\tOut of the Box Software\t\t\t\t\t\t<\/span>\n\t\t\t\t\t<\/figure>\n\t\t\t\t\t\t\t\t\t\t\t\t\t\t\t\t\t\t\t\t<figure class=\"pricing-row features-align-center\">\n\t\t\t\t\t\t\t\t\t\t\t\t<span >\n\t\t\t\t\t\t\tFertig beim Kauf\t\t\t\t\t\t<\/span>\n\t\t\t\t\t<\/figure>\n\t\t\t\t\t\t\t\t\t\t\t\t\t\t\t\t\t\t\t\t<figure class=\"pricing-row features-align-center\">\n\t\t\t\t\t\t\t\t\t\t\t\t<span >\n\t\t\t\t\t\t\t\u00dcber Cloud gemanaged\t\t\t\t\t\t<\/span>\n\t\t\t\t\t<\/figure>\n\t\t\t\t\t\t\t\t\t\t\t\t\t\t\t\t\t\t\t\t<figure class=\"pricing-row features-align-center\">\n\t\t\t\t\t\t\t\t\t\t\t\t<span >\n\t\t\t\t\t\t\tLimitierte M\u00f6glichkeiten, anzupassen oder zu erweitern\t\t\t\t\t\t<\/span>\n\t\t\t\t\t<\/figure>\n\t\t\t\t\t\t\t\t\t\t\t\t\t\t\t\t\t\t\t\t<figure class=\"pricing-row features-align-center\">\n\t\t\t\t\t\t\t\t\t\t\t\t<span >\n\t\t\t\t\t\t\t \t\t\t\t\t\t<\/span>\n\t\t\t\t\t<\/figure>\n\t\t\t\t\t\t\t\t\t\t\t\t\t<\/div>\n\t\t\t\t\t\t\t\t\n\t\t\t\t\t\t\t\t<div class=\"pricing-footer\">\n\t\t\t\t\t<div class=\"gem-button-container gem-button-position-center footer-align-center\">\n\t\t\t\t\t\t<a class=\"gem-button gem-button-text-weight-normal  gem-button-border-2  gem-button-icon-position-left \t\t\t\t\t\t gem-button-style-outline  gem-button-size-small \" \n\t\t\t\t\t\thref=\"#\"\t\t\t\t\t\t>\n\n\t\t\t\t\t\t\t\t\t\t\t\t\t\t\t<span >Typische TMS<\/span>\n\t\t\t\t\t<\/a>\n\t\t\t\t\t<\/div>\n\t\t\t\t<\/div>\n\t\t\t\t\t\t\t<\/div>\n\t\t<\/div>\n\t<\/div>\t\t\t\t<\/div>\n\t\t\t\t<\/div>\n\t\t\t\t\t<\/div>\n\t\t<\/div>\n\t\t\t\t<div class=\"elementor-column elementor-col-33 elementor-top-column elementor-element elementor-element-6d454cb0\" data-id=\"6d454cb0\" data-element_type=\"column\" data-e-type=\"column\">\n\t\t\t<div class=\"elementor-widget-wrap elementor-element-populated\">\n\t\t\t\t\t\t<div class=\"elementor-element elementor-element-181a0109 flex-horizontal-align-default flex-horizontal-align-tablet-default flex-horizontal-align-mobile-default flex-vertical-align-default flex-vertical-align-tablet-default flex-vertical-align-mobile-default elementor-widget elementor-widget-thegem-pricing-table\" data-id=\"181a0109\" data-element_type=\"widget\" data-e-type=\"widget\" data-settings=\"{&quot;thegem_elementor_preset&quot;:&quot;2&quot;,&quot;content_header_title&quot;:&quot;aPaas&quot;,&quot;content_header_show&quot;:&quot;yes&quot;,&quot;content_pricing_show&quot;:&quot;yes&quot;,&quot;content_features_show&quot;:&quot;yes&quot;,&quot;content_footer_show&quot;:&quot;yes&quot;,&quot;content_label_show&quot;:&quot;yes&quot;}\" data-widget_type=\"thegem-pricing-table.default\">\n\t\t\t\t<div class=\"elementor-widget-container\">\n\t\t\t\t\t\n<div class=\"pricing-table pricing-table-style-2 button-icon-default\">\n\t\t<div class=\"pricing-column-wrapper highlighted\">\n\t\t\t\n\t\t\t\t\t\t\t<div class=\"pricing-column-top-choice label-align-center\">\n\t\t\t\t\t<div class=\"pricing-column-top-choice-text\">tep<\/div>\n\t\t\t\t<\/div>\n\t\t\t\n\t\t\t<div class=\"pricing-column\">\n\t\t\t\t\t\t\t<div class=\"pricing-price-row\">\n\n\t\t\t\t\t\t\t\t\t<div class=\"pricing-price-title-wrapper\">\n\t\t\t\t\t\t\t\t\t\t\t\t\t<div class=\"pricing-price-title\"><span >aPaas<\/span><\/div>\t\t\t\t\t\t\t\t\t\t\t\t\t\t\t\t\t<\/div>\n\t\t\t\t\n\t\t\t\t\t\t\t\t\t<div class=\"pricing-price-wrapper\">\n\t\t\t\t\t\t<div class=\"pricing-price\">\n\t\t\t\t\t\t\t\t\t\t\t\t\t<div class=\"pricing-cost\">Application Platform as a Service<\/div>\t\t\t\t\t\t\t\t\t\t\t\t\t\t\t\t\t\t<\/div>\n\t\t\t\t\t<\/div>\n\t\t\t\t\t\t\t\t<\/div>\n\t\t\t\t\t\t\t\t\n\t\t\t\t\t\t\t\t\t<div>\n\t\t\t\t\t\t\t\t\t\t\t\t\t\t\t<figure class=\"pricing-row features-align-center\">\n\t\t\t\t\t\t\t\t\t\t\t\t<span >\n\t\t\t\t\t\t\tCloud-basierte, service-orientierte Entwicklungsumgebung\t\t\t\t\t\t<\/span>\n\t\t\t\t\t<\/figure>\n\t\t\t\t\t\t\t\t\t\t\t\t\t\t\t\t\t\t\t\t<figure class=\"pricing-row features-align-center\">\n\t\t\t\t\t\t\t\t\t\t\t\t<span >\n\t\t\t\t\t\t\tGrundplattform ist fertig gebaut\t\t\t\t\t\t<\/span>\n\t\t\t\t\t<\/figure>\n\t\t\t\t\t\t\t\t\t\t\t\t\t\t\t\t\t\t\t\t<figure class=\"pricing-row features-align-center\">\n\t\t\t\t\t\t\t\t\t\t\t\t<span >\n\t\t\t\t\t\t\tNutzt Mikroservices &amp; Module\t\t\t\t\t\t<\/span>\n\t\t\t\t\t<\/figure>\n\t\t\t\t\t\t\t\t\t\t\t\t\t\t\t\t\t\t\t\t<figure class=\"pricing-row features-align-center\">\n\t\t\t\t\t\t\t\t\t\t\t\t<span >\n\t\t\t\t\t\t\tSchnell zu erweitern\t\t\t\t\t\t<\/span>\n\t\t\t\t\t<\/figure>\n\t\t\t\t\t\t\t\t\t\t\t\t\t\t\t\t\t\t\t\t<figure class=\"pricing-row features-align-center\">\n\t\t\t\t\t\t\t\t\t\t\t\t<span >\n\t\t\t\t\t\t\tAuf Anforderungen anpassbar und damit flexibel und skalierbar\t\t\t\t\t\t<\/span>\n\t\t\t\t\t<\/figure>\n\t\t\t\t\t\t\t\t\t\t\t\t\t<\/div>\n\t\t\t\t\t\t\t\t\n\t\t\t\t\t\t\t\t<div class=\"pricing-footer\">\n\t\t\t\t\t<div class=\"gem-button-container gem-button-position-center footer-align-center\">\n\t\t\t\t\t\t<a class=\"gem-button gem-button-text-weight-normal  gem-button-border-2  gem-button-icon-position-left \t\t\t\t\t\t gem-button-style-outline  gem-button-size-medium \" \n\t\t\t\t\t\t\t\t\t\t\t\t>\n\n\t\t\t\t\t\t\t\t\t\t\t\t\t\t\t<span >tep-System<\/span>\n\t\t\t\t\t<\/a>\n\t\t\t\t\t<\/div>\n\t\t\t\t<\/div>\n\t\t\t\t\t\t\t<\/div>\n\t\t<\/div>\n\t<\/div>\t\t\t\t<\/div>\n\t\t\t\t<\/div>\n\t\t\t\t\t<\/div>\n\t\t<\/div>\n\t\t\t\t<div class=\"elementor-column elementor-col-33 elementor-top-column elementor-element elementor-element-11dd795d\" data-id=\"11dd795d\" data-element_type=\"column\" data-e-type=\"column\">\n\t\t\t<div class=\"elementor-widget-wrap elementor-element-populated\">\n\t\t\t\t\t\t<div class=\"elementor-element elementor-element-6291ec5a flex-horizontal-align-default flex-horizontal-align-tablet-default flex-horizontal-align-mobile-default flex-vertical-align-default flex-vertical-align-tablet-default flex-vertical-align-mobile-default elementor-widget elementor-widget-thegem-pricing-table\" data-id=\"6291ec5a\" data-element_type=\"widget\" data-e-type=\"widget\" data-settings=\"{&quot;thegem_elementor_preset&quot;:&quot;2&quot;,&quot;content_header_title&quot;:&quot;Paas \\\/ Iaas&quot;,&quot;content_header_show&quot;:&quot;yes&quot;,&quot;content_pricing_show&quot;:&quot;yes&quot;,&quot;content_features_show&quot;:&quot;yes&quot;,&quot;content_footer_show&quot;:&quot;yes&quot;}\" data-widget_type=\"thegem-pricing-table.default\">\n\t\t\t\t<div class=\"elementor-widget-container\">\n\t\t\t\t\t\n<div class=\"pricing-table pricing-table-style-2 button-icon-default\">\n\t\t<div class=\"pricing-column-wrapper \">\n\t\t\t\n\t\t\t\n\t\t\t<div class=\"pricing-column\">\n\t\t\t\t\t\t\t<div class=\"pricing-price-row\">\n\n\t\t\t\t\t\t\t\t\t<div class=\"pricing-price-title-wrapper\">\n\t\t\t\t\t\t\t\t\t\t\t\t\t<div class=\"pricing-price-title\"><span >Paas \/ Iaas<\/span><\/div>\t\t\t\t\t\t\t\t\t\t\t\t\t\t\t\t\t<\/div>\n\t\t\t\t\n\t\t\t\t\t\t\t\t\t<div class=\"pricing-price-wrapper\">\n\t\t\t\t\t\t<div class=\"pricing-price\">\n\t\t\t\t\t\t\t\t\t\t\t\t\t<div class=\"pricing-cost\">Platform \/ Infrastructure as a Service<\/div>\t\t\t\t\t\t\t\t\t\t\t\t\t\t\t\t\t\t<\/div>\n\t\t\t\t\t<\/div>\n\t\t\t\t\t\t\t\t<\/div>\n\t\t\t\t\t\t\t\t\n\t\t\t\t\t\t\t\t\t<div>\n\t\t\t\t\t\t\t\t\t\t\t\t\t\t\t<figure class=\"pricing-row features-align-center\">\n\t\t\t\t\t\t\t\t\t\t\t\t<span >\n\t\t\t\t\t\t\tEntwicklungsumgebung in der Cloud\t\t\t\t\t\t<\/span>\n\t\t\t\t\t<\/figure>\n\t\t\t\t\t\t\t\t\t\t\t\t\t\t\t\t\t\t\t\t<figure class=\"pricing-row features-align-center\">\n\t\t\t\t\t\t\t\t\t\t\t\t<span >\n\t\t\t\t\t\t\tPlattformen sind nicht oder nur gering vorgebaut\t\t\t\t\t\t<\/span>\n\t\t\t\t\t<\/figure>\n\t\t\t\t\t\t\t\t\t\t\t\t\t\t\t\t\t\t\t\t<figure class=\"pricing-row features-align-center\">\n\t\t\t\t\t\t\t\t\t\t\t\t<span >\n\t\t\t\t\t\t\tL\u00f6sungen m\u00fcssen komplett neu entwickelt werden\t\t\t\t\t\t<\/span>\n\t\t\t\t\t<\/figure>\n\t\t\t\t\t\t\t\t\t\t\t\t\t\t\t\t\t\t\t\t<figure class=\"pricing-row features-align-center\">\n\t\t\t\t\t\t\t\t\t\t\t\t<span >\n\t\t\t\t\t\t\tHohe Kosten und hohe Arbeitszeit f\u00fcr Entwicklung und Anpassungen, da alles selbst gemacht werden muss\t\t\t\t\t\t<\/span>\n\t\t\t\t\t<\/figure>\n\t\t\t\t\t\t\t\t\t\t\t\t\t<\/div>\n\t\t\t\t\t\t\t\t\n\t\t\t\t\t\t\t\t<div class=\"pricing-footer\">\n\t\t\t\t\t<div class=\"gem-button-container gem-button-position-center footer-align-center\">\n\t\t\t\t\t\t<a class=\"gem-button gem-button-text-weight-normal  gem-button-border-2  gem-button-icon-position-left \t\t\t\t\t\t gem-button-style-outline  gem-button-size-small \" \n\t\t\t\t\t\t\t\t\t\t\t\t>\n\n\t\t\t\t\t\t\t\t\t\t\t\t\t\t\t<span >z.B. AWS von Amazon<\/span>\n\t\t\t\t\t<\/a>\n\t\t\t\t\t<\/div>\n\t\t\t\t<\/div>\n\t\t\t\t\t\t\t<\/div>\n\t\t<\/div>\n\t<\/div>\t\t\t\t<\/div>\n\t\t\t\t<\/div>\n\t\t\t\t\t<\/div>\n\t\t<\/div>\n\t\t\t\t\t<\/div><\/div>\r\n\t\t<\/section>\r\n\t\t<div class=\"elementor-element elementor-element-d0509af thegem-e-con-layout-elementor e-flex e-con-boxed e-con e-parent\" data-id=\"d0509af\" data-element_type=\"container\" data-e-type=\"container\" data-settings=\"{&quot;thegem_container_layout&quot;:&quot;elementor&quot;}\">\r\n\t\t\t\t\t<div class=\"e-con-inner\">\r\n\t\t\t\t<div class=\"elementor-element elementor-element-89edb28 flex-horizontal-align-default flex-horizontal-align-tablet-default flex-horizontal-align-mobile-default flex-vertical-align-default flex-vertical-align-tablet-default flex-vertical-align-mobile-default elementor-widget elementor-widget-thegem-styled-textbox\" data-id=\"89edb28\" data-element_type=\"widget\" data-e-type=\"widget\" data-settings=\"{&quot;thegem_elementor_preset&quot;:&quot;minimal&quot;}\" data-widget_type=\"thegem-styled-textbox.default\">\n\t\t\t\t<div class=\"elementor-widget-container\">\n\t\t\t\t\t\n<div class=\"gem-textbox styled-textbox-minimal\">\n\n\t\n\t\t<div class=\"gem-textbox-top gem-textbox-top-none default-fill\">\n\t\t\t\t\t<\/div>\n\t\n\t<div class=\"gem-textbox-inner\">\n\n\t\t<div class=\"gem-textbox-content bordered-box icon-bottom gem-textbox-icon-horizontal-right gem-textbox-icon-image-wrapping-none\">\n\n\t\t\t\t\t\t\t<div class=\"gem-texbox-icon-image-wrapper\">\n\n\t\t\t\t\t\t\t\t\t\t\t<div class=\"icon-bottom right\">\n\t\t\t\t\t\t\t<div class=\"gem-textbox-icon\">\n\t\t\t\t\t\t\t\t<div class=\"elementor-icon\">\n\t\t\t\t\t\t\t\t\t\t\t\t\t\t\t\t\t<\/div>\n\t\t\t\t\t\t\t<\/div>\n\t\t\t\t\t\t<\/div>\n\t\t\t\t\t\n\t\t\t\t\t\n\t\t\t\t<\/div>\n\t\t\t\n\t\t\t<div class=\"gem-texbox-text-wrapper\">\n\n\t\t\t\t\t\t\t\t\t\n\t\t\t\t\t\t<h4 class=\"gem-textbox-title title-h4 bold\">\n\t\t\t\t\t\t\taPaaS-Module\t\t\t\t\t\t<\/h4>\n\n\t\t\t\t\t\n\t\t\t\t\t\n\t\t\t\t\n\t\t\t\t\n\t\t\t<\/div>\n\n\t\t<\/div>\n\n\t<\/div>\n\n\t\n\t\t<div class=\"gem-textbox-bottom gem-textbox-bottom-none default-fill\">\n\t\t\t\t<\/div>\n\t\n\t\n<\/div>\n\t\t\t\t<\/div>\n\t\t\t\t<\/div>\n\t\t\t\t<div class=\"elementor-element elementor-element-2282a89 flex-horizontal-align-default flex-horizontal-align-tablet-default flex-horizontal-align-mobile-default flex-vertical-align-default flex-vertical-align-tablet-default flex-vertical-align-mobile-default elementor-widget elementor-widget-image\" data-id=\"2282a89\" data-element_type=\"widget\" data-e-type=\"widget\" data-widget_type=\"image.default\">\n\t\t\t\t<div class=\"elementor-widget-container\">\n\t\t\t\t\t\t\t\t\t\t\t\t\t\t\t<img width=\"1024\" height=\"933\" src=\"https:\/\/tep-it.de\/wp-content\/uploads\/2023\/09\/aPaaS-Modules_DE-1024x933.png\" class=\"attachment-large size-large wp-image-2029\" alt=\"\" srcset=\"https:\/\/tep-it.de\/wp-content\/uploads\/2023\/09\/aPaaS-Modules_DE-1024x933.png 1024w, https:\/\/tep-it.de\/wp-content\/uploads\/2023\/09\/aPaaS-Modules_DE-300x273.png 300w, https:\/\/tep-it.de\/wp-content\/uploads\/2023\/09\/aPaaS-Modules_DE-768x700.png 768w, https:\/\/tep-it.de\/wp-content\/uploads\/2023\/09\/aPaaS-Modules_DE-1536x1400.png 1536w, https:\/\/tep-it.de\/wp-content\/uploads\/2023\/09\/aPaaS-Modules_DE-2048x1866.png 2048w\" sizes=\"(max-width: 1024px) 100vw, 1024px\" \/>\t\t\t\t\t\t\t\t\t\t\t\t\t\t\t<\/div>\n\t\t\t\t<\/div>\n\t\t\t\t\t<\/div>\n\t\t\t\t<\/div>\n\t\t\t\t<\/div>\n\t\t","protected":false},"excerpt":{"rendered":"<p>Was ist aPaaS? Mit aPaaS k\u00f6nnen schnell hochwertige L\u00f6sungen f\u00fcr mehrere Parteien entwickelt werden. Sie k\u00f6nnen mit sich \u00e4ndernden Technologietrends,&#8230;<\/p>\n","protected":false},"author":1,"featured_media":0,"parent":0,"menu_order":0,"comment_status":"closed","ping_status":"closed","template":"page-fullwidth.php","meta":{"footnotes":""},"class_list":["post-1689","page","type-page","status-publish"],"_links":{"self":[{"href":"https:\/\/tep-it.de\/index.php\/wp-json\/wp\/v2\/pages\/1689","targetHints":{"allow":["GET"]}}],"collection":[{"href":"https:\/\/tep-it.de\/index.php\/wp-json\/wp\/v2\/pages"}],"about":[{"href":"https:\/\/tep-it.de\/index.php\/wp-json\/wp\/v2\/types\/page"}],"author":[{"embeddable":true,"href":"https:\/\/tep-it.de\/index.php\/wp-json\/wp\/v2\/users\/1"}],"replies":[{"embeddable":true,"href":"https:\/\/tep-it.de\/index.php\/wp-json\/wp\/v2\/comments?post=1689"}],"version-history":[{"count":61,"href":"https:\/\/tep-it.de\/index.php\/wp-json\/wp\/v2\/pages\/1689\/revisions"}],"predecessor-version":[{"id":2406,"href":"https:\/\/tep-it.de\/index.php\/wp-json\/wp\/v2\/pages\/1689\/revisions\/2406"}],"wp:attachment":[{"href":"https:\/\/tep-it.de\/index.php\/wp-json\/wp\/v2\/media?parent=1689"}],"curies":[{"name":"wp","href":"https:\/\/api.w.org\/{rel}","templated":true}]}}