{"id":1688,"date":"2023-05-05T09:38:17","date_gmt":"2023-05-05T07:38:17","guid":{"rendered":"https:\/\/wordpress.tep-it.de\/?page_id=1688"},"modified":"2023-12-13T12:57:43","modified_gmt":"2023-12-13T11:57:43","slug":"ueber-uns","status":"publish","type":"page","link":"https:\/\/tep-it.de\/index.php\/ueber-uns\/","title":{"rendered":"\u00dcber uns"},"content":{"rendered":"\t\t<div data-elementor-type=\"wp-page\" data-elementor-id=\"1688\" class=\"elementor elementor-1688\">\n\t\t\t\t<div class=\"elementor-element elementor-element-5852581 thegem-e-con-layout-elementor e-flex e-con-boxed e-con e-parent\" data-id=\"5852581\" data-element_type=\"container\" data-e-type=\"container\" data-settings=\"{&quot;thegem_container_layout&quot;:&quot;elementor&quot;}\">\r\n\t\t\t\t\t<div class=\"e-con-inner\">\r\n\t\t\t\t<div class=\"elementor-element elementor-element-54443f8 flex-horizontal-align-default flex-horizontal-align-tablet-default flex-horizontal-align-mobile-default flex-vertical-align-default flex-vertical-align-tablet-default flex-vertical-align-mobile-default elementor-widget elementor-widget-thegem-styled-textbox\" data-id=\"54443f8\" data-element_type=\"widget\" data-e-type=\"widget\" data-settings=\"{&quot;thegem_elementor_preset&quot;:&quot;box&quot;}\" data-widget_type=\"thegem-styled-textbox.default\">\n\t\t\t\t<div class=\"elementor-widget-container\">\n\t\t\t\t\t\n<div class=\"gem-textbox styled-textbox-box\">\n\n\t\n\t\t<div class=\"gem-textbox-top gem-textbox-top-none default-fill\">\n\t\t\t\t\t<\/div>\n\t\n\t<div class=\"gem-textbox-inner\">\n\n\t\t<div class=\"gem-textbox-content bordered-box\">\n\n\t\t\t\n\t\t\t<div class=\"gem-texbox-text-wrapper\">\n\n\t\t\t\t\t\t\t\t\t\n\t\t\t\t\t\t<h4 class=\"gem-textbox-title title-h4 light\">\n\t\t\t\t\t\t\tWer ist die tep-IT GmbH?\t\t\t\t\t\t<\/h4>\n\n\t\t\t\t\t\n\t\t\t\t\t\n\t\t\t\t\t\t<div class=\"gem-textbox-description gem-text-output\">\n\t\t\t\t\t\t\t<p style=\"text-align: left\"><span style=\"font-weight: 400\">Wir sind eine innovative IT-Firma, die es sich zur Aufgabe gemacht hat, die Logistikindustrie aus Sicht der Logistik mit intelligenten L\u00f6sungen zu digitalisieren. Das Ergebnis ist eine State-of-the-Art-L\u00f6sung (aPaaS), die der Logistikbranche keine standardisierte IT-Software aufdr\u00fcckt, sondern nah am Workflow der Industrie agiert.<\/span><\/p><p style=\"text-align: left\"><span style=\"font-weight: 400\">Dr. Uwe Schom\u00e4cker und Norbert H\u00e4sen sind die K\u00f6pfe hinter der tep-IT GmbH. Die Gr\u00fcndungsgesellschafter halten 100 Prozent an der tep-IT GmbH.&nbsp;<\/span><\/p><p style=\"text-align: left\"><span style=\"font-weight: 400\">Norbert H\u00e4sen war in seiner beruflichen Laufbahn erst VP f\u00fcr Schenker &amp; Co. GmbH in Berlin und D\u00fcsseldorf. In den 2000ern war er SVP PM Fairs &amp; Exhibitions f\u00fcr Schenker HQ Essen.<\/span><\/p><p style=\"text-align: left\"><span style=\"font-weight: 400\">Seit der Gr\u00fcndung ist unser Bestreben, intelligente, digitale und automatisierte L\u00f6sungen f\u00fcr die Logistik zu finden. Diese sind bereits jetzt bei namhaften internationalen Logistikkonzernen in praktischer Benutzung. <\/span><\/p>\t\t\t\t\t\t<\/div>\n\n\t\t\t\t\t\n\t\t\t\t\n\t\t\t\t\n\t\t\t<\/div>\n\n\t\t<\/div>\n\n\t<\/div>\n\n\t\n\t\t<div class=\"gem-textbox-bottom gem-textbox-bottom-none default-fill\">\n\t\t\t\t<\/div>\n\t\n\t\n<\/div>\n\t\t\t\t<\/div>\n\t\t\t\t<\/div>\n\t\t\t\t\t<\/div>\n\t\t\t\t<\/div>\n\t\t\t\t<\/div>\n\t\t","protected":false},"excerpt":{"rendered":"<p>Wer ist die tep-IT GmbH? Wir sind eine innovative IT-Firma, die es sich zur Aufgabe gemacht hat, die Logistikindustrie aus&#8230;<\/p>\n","protected":false},"author":1,"featured_media":0,"parent":0,"menu_order":0,"comment_status":"closed","ping_status":"closed","template":"page-fullwidth.php","meta":{"footnotes":""},"class_list":["post-1688","page","type-page","status-publish"],"_links":{"self":[{"href":"https:\/\/tep-it.de\/index.php\/wp-json\/wp\/v2\/pages\/1688","targetHints":{"allow":["GET"]}}],"collection":[{"href":"https:\/\/tep-it.de\/index.php\/wp-json\/wp\/v2\/pages"}],"about":[{"href":"https:\/\/tep-it.de\/index.php\/wp-json\/wp\/v2\/types\/page"}],"author":[{"embeddable":true,"href":"https:\/\/tep-it.de\/index.php\/wp-json\/wp\/v2\/users\/1"}],"replies":[{"embeddable":true,"href":"https:\/\/tep-it.de\/index.php\/wp-json\/wp\/v2\/comments?post=1688"}],"version-history":[{"count":16,"href":"https:\/\/tep-it.de\/index.php\/wp-json\/wp\/v2\/pages\/1688\/revisions"}],"predecessor-version":[{"id":2339,"href":"https:\/\/tep-it.de\/index.php\/wp-json\/wp\/v2\/pages\/1688\/revisions\/2339"}],"wp:attachment":[{"href":"https:\/\/tep-it.de\/index.php\/wp-json\/wp\/v2\/media?parent=1688"}],"curies":[{"name":"wp","href":"https:\/\/api.w.org\/{rel}","templated":true}]}}