{"id":1652,"date":"2023-05-04T19:59:52","date_gmt":"2023-05-04T17:59:52","guid":{"rendered":"https:\/\/wordpress.tep-it.de\/?page_id=1652"},"modified":"2023-09-15T14:28:29","modified_gmt":"2023-09-15T12:28:29","slug":"datenschutz","status":"publish","type":"page","link":"https:\/\/tep-it.de\/index.php\/datenschutz\/","title":{"rendered":"Datenschutzerkl\u00e4rung"},"content":{"rendered":"\t\t<div data-elementor-type=\"wp-page\" data-elementor-id=\"1652\" class=\"elementor elementor-1652\">\n\t\t\t\t\t\t<section class=\"elementor-section elementor-top-section elementor-element elementor-element-48d5d275 elementor-section-boxed elementor-section-height-default elementor-section-height-default\" data-id=\"48d5d275\" data-element_type=\"section\" data-e-type=\"section\">\r\n\t\t\t\t\t\t<div class=\"elementor-container elementor-column-gap-thegem\"><div class=\"elementor-row\">\r\n\t\t\t\t\t<div class=\"elementor-column elementor-col-100 elementor-top-column elementor-element elementor-element-af06a59\" data-id=\"af06a59\" data-element_type=\"column\" data-e-type=\"column\">\n\t\t\t<div class=\"elementor-widget-wrap elementor-element-populated\">\n\t\t\t\t\t\t<div class=\"elementor-element elementor-element-590cd46e flex-horizontal-align-default flex-horizontal-align-tablet-default flex-horizontal-align-mobile-default flex-vertical-align-default flex-vertical-align-tablet-default flex-vertical-align-mobile-default elementor-widget elementor-widget-text-editor\" data-id=\"590cd46e\" data-element_type=\"widget\" data-e-type=\"widget\" data-widget_type=\"text-editor.default\">\n\t\t\t\t<div class=\"elementor-widget-container\">\n\t\t\t\t\t\t\t\t\t\t\t\t<div class=\"elementor-text-editor elementor-clearfix\">\r\n\t\t\t\t\t\t\n<p><strong>Datenschutzerkl\u00e4rung<\/strong><\/p>\n<p><br \/><strong>1. Allgemeine Hinweise<\/strong><br \/><br \/>Verantwortliche Stelle f\u00fcr die Datenverarbeitung auf dieser Webseite ist:<br \/>tep-IT GmbH<br \/>R\u00fcdesheimer Platz 11<br \/>D-14197 Berlin<br \/>Deutschland \/ Germany<br \/><br \/>Telefon: +49 (0) 162 209 0146<br \/>eMail: <a href=\"mailto:info@tep-it.de\">info@tep-it.de<\/a><\/p>\n<p><br \/><strong>2. Datenerfassung auf unserer Webseite<\/strong><br \/><br \/>SSL-Verschl\u00fcsselung:<br \/>Zum Schutz Ihrer Daten nutzen wir auf unserer Webseite eine SSL-Verschl\u00fcsselung. Dies gew\u00e4hrleistet die sichere \u00dcbertragung vertraulicher Inhalte, beispielsweise Anfragen, die Sie an uns senden. Sie erkennen eine aktive SSL-Verschl\u00fcsselung an der Umstellung der Adresszeile des Browsers von \u201chttp:\/\/\u201d auf \u201chttps:\/\/\u201d und am Schloss-Symbol in der Browserzeile. Durch diese Verschl\u00fcsselung sind die Daten, die Sie \u00fcbermitteln, vor dem Zugriff Dritter gesch\u00fctzt.<br \/><br \/>Cookies:<br \/>Unsere Webseite verwendet Cookies \u2013 kleine Textdateien, die von Ihrem Browser gespeichert werden. Sie unterst\u00fctzen uns dabei, unser Angebot nutzerfreundlich, effektiv und sicher zu gestalten. Wir setzen insbesondere das Sprachwahl-Cookie von WordPress ein, um Inhalte in Ihrer bevorzugten Sprache anzuzeigen, sowie das Consent-Cookie von WordPress, welches Ihre Cookie-Einstellungen speichert. Die meisten unserer Cookies sind \u201eSession-Cookies\u201c, die nach Ihrem Besuch automatisch gel\u00f6scht werden. Andere bleiben gespeichert, bis Sie sie l\u00f6schen.<br \/><br \/>Kein IP-Logging (mit Ausnahme von reCAPTCHA):<br \/>Wir sch\u00e4tzen Ihre Privatsph\u00e4re. Deshalb verzichten wir darauf, IP-Adressen unserer Besucher zu loggen. Bei Ihrem Besuch werden keine IP-Adressen erfasst oder verarbeitet, mit Ausnahme der Nutzung von Google reCAPTCHA.<br \/><br \/>Google reCAPTCHA:<br \/>Zum Schutz Ihrer Anfragen \u00fcber unser Kontaktformular setzen wir Google reCAPTCHA ein. Dieser Dienst hilft uns zu unterscheiden, ob die Eingabe durch eine Person erfolgt oder missbr\u00e4uchlich durch Maschinen. Hierbei werden Ihre IP-Adresse und eventuell weitere f\u00fcr den Dienst ben\u00f6tigte Daten an Google \u00fcbermittelt. Innerhalb der EU und des EWR wird Ihre IP-Adresse zuvor von Google gek\u00fcrzt. Nur in Ausnahmef\u00e4llen erfolgt eine vollst\u00e4ndige \u00dcbertragung an einen Google-Server in den USA. Google nutzt diese Informationen im Auftrag von uns, um die Nutzung des Dienstes auszuwerten. Dabei wird die im Rahmen von reCAPTCHA \u00fcbermittelte IP-Adresse nicht mit anderen Google-Daten kombiniert. Weitere Informationen zu Googles Datenschutzrichtlinien finden Sie hier.<br \/><br \/>Kontaktformular:<br \/>Nutzen Sie unser Kontaktformular, verarbeiten wir Ihre Daten nur, um Ihre Anfrage zu bearbeiten. Ohne Ihre Zustimmung geben wir diese Daten nicht weiter. Die Datenverarbeitung basiert auf Ihrer Einwilligung (Art. 6 Abs. 1 lit. a DSGVO). Sie k\u00f6nnen diese jederzeit widerrufen. Eine formlose Mitteilung per E-Mail gen\u00fcgt. Die bis dahin erfolgte Datenverarbeitung bleibt davon unber\u00fchrt. Daten, die Sie im Kontaktformular eingeben, speichern wir, bis Sie uns zur L\u00f6schung auffordern, Ihre Zustimmung zur Speicherung zur\u00fcckziehen oder der Zweck f\u00fcr die Datenspeicherung entf\u00e4llt. Gesetzliche Aufbewahrungspflichten bleiben hiervon unber\u00fchrt.<\/p>\n<p><br \/><strong>3. Ihre Rechte<\/strong><br \/><br \/>Als Nutzer unserer Webseite haben Sie verschiedene Rechte. Sie haben das Recht auf Auskunft \u00fcber die von uns verarbeiteten personenbezogenen Daten. Des Weiteren steht Ihnen ein Recht auf Berichtigung und auf L\u00f6schung zu. Sie k\u00f6nnen zudem die Einschr\u00e4nkung der Verarbeitung Ihrer Daten verlangen und haben das Recht auf Daten\u00fcbertragbarkeit. Dar\u00fcber hinaus k\u00f6nnen Sie jederzeit Widerspruch gegen die Verarbeitung Ihrer Daten einlegen. Schlie\u00dflich haben Sie das Recht, sich bei einer Datenschutz-Aufsichtsbeh\u00f6rde \u00fcber die Verarbeitung Ihrer personenbezogenen Daten durch uns zu beschweren.<\/p>\n<p>\u00a0<\/p>\n\t\t\t\t\t\t\t<\/div>\r\n\t\t\t\t\t\t\t\t\t\t<\/div>\n\t\t\t\t<\/div>\n\t\t\t\t\t<\/div>\n\t\t<\/div>\n\t\t\t\t\t<\/div><\/div>\r\n\t\t<\/section>\r\n\t\t\t\t<\/div>\n\t\t","protected":false},"excerpt":{"rendered":"<p>Datenschutzerkl\u00e4rung 1. Allgemeine Hinweise Verantwortliche Stelle f\u00fcr die Datenverarbeitung auf dieser Webseite ist:tep-IT GmbHR\u00fcdesheimer Platz 11D-14197 BerlinDeutschland \/ Germany Telefon:&#8230;<\/p>\n","protected":false},"author":1,"featured_media":0,"parent":0,"menu_order":0,"comment_status":"closed","ping_status":"closed","template":"","meta":{"footnotes":""},"class_list":["post-1652","page","type-page","status-publish"],"_links":{"self":[{"href":"https:\/\/tep-it.de\/index.php\/wp-json\/wp\/v2\/pages\/1652","targetHints":{"allow":["GET"]}}],"collection":[{"href":"https:\/\/tep-it.de\/index.php\/wp-json\/wp\/v2\/pages"}],"about":[{"href":"https:\/\/tep-it.de\/index.php\/wp-json\/wp\/v2\/types\/page"}],"author":[{"embeddable":true,"href":"https:\/\/tep-it.de\/index.php\/wp-json\/wp\/v2\/users\/1"}],"replies":[{"embeddable":true,"href":"https:\/\/tep-it.de\/index.php\/wp-json\/wp\/v2\/comments?post=1652"}],"version-history":[{"count":5,"href":"https:\/\/tep-it.de\/index.php\/wp-json\/wp\/v2\/pages\/1652\/revisions"}],"predecessor-version":[{"id":2196,"href":"https:\/\/tep-it.de\/index.php\/wp-json\/wp\/v2\/pages\/1652\/revisions\/2196"}],"wp:attachment":[{"href":"https:\/\/tep-it.de\/index.php\/wp-json\/wp\/v2\/media?parent=1652"}],"curies":[{"name":"wp","href":"https:\/\/api.w.org\/{rel}","templated":true}]}}